{"id":1526,"date":"2021-12-14T23:22:42","date_gmt":"2021-12-14T23:22:42","guid":{"rendered":"https:\/\/indusvit.com\/fabrica-vidrios-templados-colombia\/?page_id=1526"},"modified":"2021-12-17T16:12:59","modified_gmt":"2021-12-17T16:12:59","slug":"impresion-digital","status":"publish","type":"page","link":"https:\/\/indusvit.com\/fabrica-vidrios-templados-colombia\/impresion-digital\/","title":{"rendered":"Impresi\u00f3n Digital"},"content":{"rendered":"\n<div class=\"wp-block-image\"><figure class=\"alignleft\"><img loading=\"lazy\" decoding=\"async\" width=\"300\" height=\"169\" src=\"https:\/\/indusvit.com\/fabrica-vidrios-templados-colombia\/wp-content\/uploads\/2021\/12\/impresion2-300x169.jpg\" alt=\"Vidrio con Impresion Digital\" class=\"wp-image-1538\" srcset=\"https:\/\/indusvit.com\/fabrica-vidrios-templados-colombia\/wp-content\/uploads\/2021\/12\/impresion2-300x169.jpg 300w, https:\/\/indusvit.com\/fabrica-vidrios-templados-colombia\/wp-content\/uploads\/2021\/12\/impresion2.jpg 600w\" sizes=\"auto, (max-width: 300px) 100vw, 300px\" \/><\/figure><\/div>\n\n\n\n<p>Con la mejor tecnolog\u00eda del pa\u00eds, podemos imprimir cualquier imagen, color o dise\u00f1o directamente sobre vidrio templado en cualquier aplicaci\u00f3n. Mediante la impresi\u00f3n digital sobre vidrio, podemos realizar variedad de proyectos con todo tipo de dise\u00f1os personalizados. Se pueden adaptar totalmente a las medidas que cada cliente solicite.<\/p>\n\n\n\n<p>Para realizar impresi\u00f3n digital sobre vidrio utilizamos maquinaria de alta tecnolog\u00eda; esta nueva tecnolog\u00eda digital reemplaza la tradicional que utiliza serigraf\u00eda o vinilos adhesivos, permiti\u00e9ndonos ofrecer trabajos con mayor calidad y durabilidad.<\/p>\n\n\n\n<p> <\/p>\n\n\n\n<p>CARACTER\u00cdSTICAS:<br>Se realiza \u00fanicamente en vidrio templado.<\/p>\n\n\n\n<p>APLICACIONES:<br>Cualquier espacio que requiera un dise\u00f1o \u00fanico e innovador.<\/p>\n\n\n\n<p>MEDIDAS:<br>M\u00ednimo 400 X 400<br>M\u00e1ximo 2400 X 3600mm<\/p>\n\n\n\n<p>PRESENTACIONES:<br>Cualquier m\u00f3dulo que se encuentre dentro de las medidas establecidas, los colores pueden variar.<\/p>\n\n\n\n<p>Su espesor es desde 4mm a 19mm<\/p>\n\n\n\n<figure class=\"wp-block-gallery columns-6 is-cropped wp-block-gallery-1 is-layout-flex wp-block-gallery-is-layout-flex\"><ul class=\"blocks-gallery-grid\"><li class=\"blocks-gallery-item\"><figure><a href=\"https:\/\/indusvit.com\/fabrica-vidrios-templados-colombia\/wp-content\/uploads\/2021\/12\/impresion5.jpg\"><img loading=\"lazy\" decoding=\"async\" width=\"600\" height=\"337\" src=\"https:\/\/indusvit.com\/fabrica-vidrios-templados-colombia\/wp-content\/uploads\/2021\/12\/impresion5.jpg\" alt=\"Vidrio con Impresion Digital\" data-id=\"1542\" class=\"wp-image-1542\" srcset=\"https:\/\/indusvit.com\/fabrica-vidrios-templados-colombia\/wp-content\/uploads\/2021\/12\/impresion5.jpg 600w, https:\/\/indusvit.com\/fabrica-vidrios-templados-colombia\/wp-content\/uploads\/2021\/12\/impresion5-300x169.jpg 300w\" sizes=\"auto, (max-width: 600px) 100vw, 600px\" \/><\/a><\/figure><\/li><li class=\"blocks-gallery-item\"><figure><a href=\"https:\/\/indusvit.com\/fabrica-vidrios-templados-colombia\/wp-content\/uploads\/2021\/12\/impresion4.jpg\"><img loading=\"lazy\" decoding=\"async\" width=\"600\" height=\"337\" src=\"https:\/\/indusvit.com\/fabrica-vidrios-templados-colombia\/wp-content\/uploads\/2021\/12\/impresion4.jpg\" alt=\"Vidrio con Impresion Digital\" data-id=\"1541\" class=\"wp-image-1541\" srcset=\"https:\/\/indusvit.com\/fabrica-vidrios-templados-colombia\/wp-content\/uploads\/2021\/12\/impresion4.jpg 600w, https:\/\/indusvit.com\/fabrica-vidrios-templados-colombia\/wp-content\/uploads\/2021\/12\/impresion4-300x169.jpg 300w\" sizes=\"auto, (max-width: 600px) 100vw, 600px\" \/><\/a><\/figure><\/li><li class=\"blocks-gallery-item\"><figure><a href=\"https:\/\/indusvit.com\/fabrica-vidrios-templados-colombia\/wp-content\/uploads\/2021\/12\/impresion3-1.jpg\"><img loading=\"lazy\" decoding=\"async\" width=\"600\" height=\"337\" src=\"https:\/\/indusvit.com\/fabrica-vidrios-templados-colombia\/wp-content\/uploads\/2021\/12\/impresion3-1.jpg\" alt=\"Vidrio con Impresion Digital\" data-id=\"1539\" class=\"wp-image-1539\" srcset=\"https:\/\/indusvit.com\/fabrica-vidrios-templados-colombia\/wp-content\/uploads\/2021\/12\/impresion3-1.jpg 600w, https:\/\/indusvit.com\/fabrica-vidrios-templados-colombia\/wp-content\/uploads\/2021\/12\/impresion3-1-300x169.jpg 300w\" sizes=\"auto, (max-width: 600px) 100vw, 600px\" \/><\/a><\/figure><\/li><li class=\"blocks-gallery-item\"><figure><a href=\"https:\/\/indusvit.com\/fabrica-vidrios-templados-colombia\/wp-content\/uploads\/2021\/12\/impresion2.jpg\"><img loading=\"lazy\" decoding=\"async\" width=\"600\" height=\"337\" src=\"https:\/\/indusvit.com\/fabrica-vidrios-templados-colombia\/wp-content\/uploads\/2021\/12\/impresion2.jpg\" alt=\"Vidrio con Impresion Digital\" data-id=\"1538\" class=\"wp-image-1538\" srcset=\"https:\/\/indusvit.com\/fabrica-vidrios-templados-colombia\/wp-content\/uploads\/2021\/12\/impresion2.jpg 600w, https:\/\/indusvit.com\/fabrica-vidrios-templados-colombia\/wp-content\/uploads\/2021\/12\/impresion2-300x169.jpg 300w\" sizes=\"auto, (max-width: 600px) 100vw, 600px\" \/><\/a><\/figure><\/li><li class=\"blocks-gallery-item\"><figure><a href=\"https:\/\/indusvit.com\/fabrica-vidrios-templados-colombia\/wp-content\/uploads\/2021\/12\/impresion1.jpg\"><img loading=\"lazy\" decoding=\"async\" width=\"600\" height=\"337\" src=\"https:\/\/indusvit.com\/fabrica-vidrios-templados-colombia\/wp-content\/uploads\/2021\/12\/impresion1.jpg\" alt=\"Vidrio con Impresion Digital\" data-id=\"1536\" class=\"wp-image-1536\" srcset=\"https:\/\/indusvit.com\/fabrica-vidrios-templados-colombia\/wp-content\/uploads\/2021\/12\/impresion1.jpg 600w, https:\/\/indusvit.com\/fabrica-vidrios-templados-colombia\/wp-content\/uploads\/2021\/12\/impresion1-300x169.jpg 300w\" sizes=\"auto, (max-width: 600px) 100vw, 600px\" \/><\/a><\/figure><\/li><\/ul><\/figure>\n<div class='campos'>","protected":false},"excerpt":{"rendered":"<p>Con la mejor tecnolog\u00eda del pa\u00eds, podemos imprimir cualquier imagen, color o dise\u00f1o directamente sobre vidrio templado en cualquier aplicaci\u00f3n. Mediante la impresi\u00f3n digital sobre vidrio, podemos realizar variedad de proyectos con todo tipo de dise\u00f1os personalizados. Se pueden adaptar totalmente a las medidas que cada cliente solicite. Para realizar impresi\u00f3n digital sobre vidrio utilizamos [&hellip;]<\/p>\n","protected":false},"author":1,"featured_media":0,"parent":0,"menu_order":0,"comment_status":"closed","ping_status":"closed","template":"","meta":{"cybocfi_hide_featured_image":"","footnotes":""},"class_list":["post-1526","page","type-page","status-publish","hentry"],"_links":{"self":[{"href":"https:\/\/indusvit.com\/fabrica-vidrios-templados-colombia\/wp-json\/wp\/v2\/pages\/1526","targetHints":{"allow":["GET"]}}],"collection":[{"href":"https:\/\/indusvit.com\/fabrica-vidrios-templados-colombia\/wp-json\/wp\/v2\/pages"}],"about":[{"href":"https:\/\/indusvit.com\/fabrica-vidrios-templados-colombia\/wp-json\/wp\/v2\/types\/page"}],"author":[{"embeddable":true,"href":"https:\/\/indusvit.com\/fabrica-vidrios-templados-colombia\/wp-json\/wp\/v2\/users\/1"}],"replies":[{"embeddable":true,"href":"https:\/\/indusvit.com\/fabrica-vidrios-templados-colombia\/wp-json\/wp\/v2\/comments?post=1526"}],"version-history":[{"count":7,"href":"https:\/\/indusvit.com\/fabrica-vidrios-templados-colombia\/wp-json\/wp\/v2\/pages\/1526\/revisions"}],"predecessor-version":[{"id":1547,"href":"https:\/\/indusvit.com\/fabrica-vidrios-templados-colombia\/wp-json\/wp\/v2\/pages\/1526\/revisions\/1547"}],"wp:attachment":[{"href":"https:\/\/indusvit.com\/fabrica-vidrios-templados-colombia\/wp-json\/wp\/v2\/media?parent=1526"}],"curies":[{"name":"wp","href":"https:\/\/api.w.org\/{rel}","templated":true}]}}