{"id":1529,"date":"2021-12-14T23:49:48","date_gmt":"2021-12-14T23:49:48","guid":{"rendered":"https:\/\/indusvit.com\/fabrica-vidrios-templados-colombia\/?page_id=1529"},"modified":"2022-01-19T23:54:37","modified_gmt":"2022-01-19T23:54:37","slug":"glass-paint","status":"publish","type":"page","link":"https:\/\/indusvit.com\/fabrica-vidrios-templados-colombia\/glass-paint\/","title":{"rendered":"Glass Paint"},"content":{"rendered":"<p><img loading=\"lazy\" decoding=\"async\" class=\"alignleft size-medium wp-image-1550\" src=\"https:\/\/indusvit.com\/fabrica-vidrios-templados-colombia\/wp-content\/uploads\/2021\/12\/glass3-300x169.jpg\" alt=\"Glass Paint\" width=\"300\" height=\"169\" srcset=\"https:\/\/indusvit.com\/fabrica-vidrios-templados-colombia\/wp-content\/uploads\/2021\/12\/glass3-300x169.jpg 300w, https:\/\/indusvit.com\/fabrica-vidrios-templados-colombia\/wp-content\/uploads\/2021\/12\/glass3.jpg 600w\" sizes=\"auto, (max-width: 300px) 100vw, 300px\" \/>Tecnolog\u00eda Espa\u00f1ola, con la capacidad de realizar cualquier color que se encuentre en la carta RAL o PANTONE de color.<\/p>\n<p>CARACTER\u00cdSTICAS:<br \/>\nSu aplicaci\u00f3n es manual, resistente a la temperatura y humedad.<\/p>\n<p>APLICACIONES:<br \/>\nIdeal para recubrimientos de pared.<\/p>\n<p>MEDIDAS:<br \/>\nM\u00ednimo 400 X 400 M\u00e1ximo 2400 X 3600mm<\/p>\n<p>PRESENTACIONES:<br \/>\nCualquier modulo que se encuentre dentro de las medidas establecidas, los colores pueden variar.<\/p>\n<p>Su espesor\u00a0 es desde 4 mm a 10 mm<\/p>\n<div id='gallery-1' class='gallery galleryid-1529 gallery-columns-6 gallery-size-thumbnail'><figure class='gallery-item'>\n\t\t\t<div class='gallery-icon landscape'>\n\t\t\t\t<a href='https:\/\/indusvit.com\/fabrica-vidrios-templados-colombia\/wp-content\/uploads\/2021\/12\/laminado3-1.jpg'><img loading=\"lazy\" decoding=\"async\" width=\"150\" height=\"150\" src=\"https:\/\/indusvit.com\/fabrica-vidrios-templados-colombia\/wp-content\/uploads\/2021\/12\/laminado3-1-150x150.jpg\" class=\"attachment-thumbnail size-thumbnail\" alt=\"Glass Paint\" \/><\/a>\n\t\t\t<\/div><\/figure><figure class='gallery-item'>\n\t\t\t<div class='gallery-icon landscape'>\n\t\t\t\t<a href='https:\/\/indusvit.com\/fabrica-vidrios-templados-colombia\/wp-content\/uploads\/2021\/12\/glass5.jpg'><img loading=\"lazy\" decoding=\"async\" width=\"150\" height=\"150\" src=\"https:\/\/indusvit.com\/fabrica-vidrios-templados-colombia\/wp-content\/uploads\/2021\/12\/glass5-150x150.jpg\" class=\"attachment-thumbnail size-thumbnail\" alt=\"Glass Paint\" \/><\/a>\n\t\t\t<\/div><\/figure><figure class='gallery-item'>\n\t\t\t<div class='gallery-icon landscape'>\n\t\t\t\t<a href='https:\/\/indusvit.com\/fabrica-vidrios-templados-colombia\/wp-content\/uploads\/2021\/12\/glass4.jpg'><img loading=\"lazy\" decoding=\"async\" width=\"150\" height=\"150\" src=\"https:\/\/indusvit.com\/fabrica-vidrios-templados-colombia\/wp-content\/uploads\/2021\/12\/glass4-150x150.jpg\" class=\"attachment-thumbnail size-thumbnail\" alt=\"Glass Paint\" \/><\/a>\n\t\t\t<\/div><\/figure><figure class='gallery-item'>\n\t\t\t<div class='gallery-icon landscape'>\n\t\t\t\t<a href='https:\/\/indusvit.com\/fabrica-vidrios-templados-colombia\/wp-content\/uploads\/2021\/12\/glass3.jpg'><img loading=\"lazy\" decoding=\"async\" width=\"150\" height=\"150\" src=\"https:\/\/indusvit.com\/fabrica-vidrios-templados-colombia\/wp-content\/uploads\/2021\/12\/glass3-150x150.jpg\" class=\"attachment-thumbnail size-thumbnail\" alt=\"Glass Paint\" \/><\/a>\n\t\t\t<\/div><\/figure><figure class='gallery-item'>\n\t\t\t<div class='gallery-icon landscape'>\n\t\t\t\t<a href='https:\/\/indusvit.com\/fabrica-vidrios-templados-colombia\/wp-content\/uploads\/2021\/12\/glass2.jpg'><img loading=\"lazy\" decoding=\"async\" width=\"150\" height=\"150\" src=\"https:\/\/indusvit.com\/fabrica-vidrios-templados-colombia\/wp-content\/uploads\/2021\/12\/glass2-150x150.jpg\" class=\"attachment-thumbnail size-thumbnail\" alt=\"Glass Paint\" \/><\/a>\n\t\t\t<\/div><\/figure>\n\t\t<\/div>\n\n<div class='campos'>","protected":false},"excerpt":{"rendered":"<p>Tecnolog\u00eda Espa\u00f1ola, con la capacidad de realizar cualquier color que se encuentre en la carta RAL o PANTONE de color. CARACTER\u00cdSTICAS: Su aplicaci\u00f3n es manual, resistente a la temperatura y humedad. APLICACIONES: Ideal para recubrimientos de pared. MEDIDAS: M\u00ednimo 400 X 400 M\u00e1ximo 2400 X 3600mm PRESENTACIONES: Cualquier modulo que se encuentre dentro de las [&hellip;]<\/p>\n","protected":false},"author":1,"featured_media":0,"parent":0,"menu_order":0,"comment_status":"closed","ping_status":"closed","template":"","meta":{"cybocfi_hide_featured_image":"","footnotes":""},"class_list":["post-1529","page","type-page","status-publish","hentry"],"_links":{"self":[{"href":"https:\/\/indusvit.com\/fabrica-vidrios-templados-colombia\/wp-json\/wp\/v2\/pages\/1529","targetHints":{"allow":["GET"]}}],"collection":[{"href":"https:\/\/indusvit.com\/fabrica-vidrios-templados-colombia\/wp-json\/wp\/v2\/pages"}],"about":[{"href":"https:\/\/indusvit.com\/fabrica-vidrios-templados-colombia\/wp-json\/wp\/v2\/types\/page"}],"author":[{"embeddable":true,"href":"https:\/\/indusvit.com\/fabrica-vidrios-templados-colombia\/wp-json\/wp\/v2\/users\/1"}],"replies":[{"embeddable":true,"href":"https:\/\/indusvit.com\/fabrica-vidrios-templados-colombia\/wp-json\/wp\/v2\/comments?post=1529"}],"version-history":[{"count":6,"href":"https:\/\/indusvit.com\/fabrica-vidrios-templados-colombia\/wp-json\/wp\/v2\/pages\/1529\/revisions"}],"predecessor-version":[{"id":1866,"href":"https:\/\/indusvit.com\/fabrica-vidrios-templados-colombia\/wp-json\/wp\/v2\/pages\/1529\/revisions\/1866"}],"wp:attachment":[{"href":"https:\/\/indusvit.com\/fabrica-vidrios-templados-colombia\/wp-json\/wp\/v2\/media?parent=1529"}],"curies":[{"name":"wp","href":"https:\/\/api.w.org\/{rel}","templated":true}]}}