{"id":1803,"date":"2022-01-14T23:04:42","date_gmt":"2022-01-14T23:04:42","guid":{"rendered":"https:\/\/indusvit.com\/fabrica-vidrios-templados-colombia\/?page_id=1803"},"modified":"2025-05-30T22:19:52","modified_gmt":"2025-05-30T22:19:52","slug":"zona-indusvit","status":"publish","type":"page","link":"https:\/\/indusvit.com\/fabrica-vidrios-templados-colombia\/zona-indusvit\/","title":{"rendered":"Zona Indusvit"},"content":{"rendered":"<p>[vc_row full_height=\u00bbyes\u00bb css=\u00bb.vc_custom_1642201917748{margin-top: 20px !important;margin-right: 20px !important;margin-bottom: 20px !important;margin-left: 20px !important;padding-top: 20px !important;padding-bottom: 20px !important;background-color: #eeeeee !important;background-position: center !important;background-repeat: no-repeat !important;background-size: cover !important;}\u00bb el_class=\u00bbmg-bottom-70&#8243;][vc_column][g5plus_heading sub_title=\u00bbBienvenido a la zona de informaci\u00f3n para nuestros Clientes y Gesti\u00f3n Documental\u00bb css=\u00bb.vc_custom_1642201799854{padding-bottom: 20px !important;}\u00bb][vc_row_inner layout=\u00bbcontainer\u00bb css=\u00bb.vc_custom_1642464500151{margin-top: 20px !important;margin-right: 20px !important;margin-bottom: 20px !important;margin-left: 20px !important;}\u00bb][vc_column_inner el_class=\u00bbsm-mg-bottom-30&#8243; width=\u00bb1\/2&#8243; css=\u00bb.vc_custom_1642464555243{margin-top: 40px !important;margin-right: 40px !important;margin-bottom: 40px !important;margin-left: 40px !important;}\u00bb][vc_single_image image=\u00bb1810&#8243; img_size=\u00bbfull\u00bb onclick=\u00bbcustom_link\u00bb link=\u00bbhttps:\/\/indusvit.com\/fabrica-vidrios-templados-colombia\/fabrica-vidrios-templados-colombia\/blog\/\u00bb][g5plus_feature_box title=\u00bbClientes Indusvit\u00bb description=\u00bbVisita informaci\u00f3n importante para conocer nuestros procesos y pol\u00edticas.\u00bb link=\u00bburl:https%3A%2F%2Findusvit.com%2Ffabrica-vidrios-templados-colombia%2Ffabrica-vidrios-templados-colombia%2Fblog%2F|title:Ver%20m%C3%A1s\u00bb color_scheme=\u00bb\u00bb][vc_btn title=\u00bbEncuesta de satisfacci\u00f3n del cliente\u00bb style=\u00bbcustom\u00bb custom_background=\u00bb#ed0707&#8243; custom_text=\u00bb#ffffff\u00bb link=\u00bburl:https%3A%2F%2Fdocs.google.com%2Fforms%2Fd%2Fe%2F1FAIpQLScPahP2gic2Mp0R9DMOfOr4cv4rZHR8kono2QgldcU4-u1C3A%2Fviewform|title:Encuesta%20de%20satisfacci%C3%B3n%20del%20cliente|target:_blank\u00bb css=\u00bb.vc_custom_1748643193127{margin-top: 60px !important;margin-left: 30px !important;}\u00bb][vc_btn title=\u00bbPeticiones, quejas, reclamos y felicitaciones (PQR)\u00bb style=\u00bbcustom\u00bb custom_background=\u00bb#ed0707&#8243; custom_text=\u00bb#ffffff\u00bb link=\u00bburl:https%3A%2F%2Fdocs.google.com%2Fforms%2Fd%2Fe%2F1FAIpQLSfP79xu6lAlZOGbP1zCbaocpEJnVVPB1qSivF93glj6kg9l-g%2Fviewform|title:PETICIONES%2C%20QUEJAS%20Y%20RECLAMOS%20FELICITACIONES|target:_blank\u00bb css=\u00bb.vc_custom_1748643581158{margin-top: 10px !important;margin-left: 30px !important;}\u00bb][\/vc_column_inner][vc_column_inner el_class=\u00bbsm-mg-bottom-30&#8243; width=\u00bb1\/2&#8243; css=\u00bb.vc_custom_1642464584170{margin-top: 40px !important;margin-right: 40px !important;margin-bottom: 40px !important;margin-left: 40px !important;}\u00bb][vc_single_image image=\u00bb1811&#8243; img_size=\u00bbfull\u00bb onclick=\u00bbcustom_link\u00bb link=\u00bbhttps:\/\/indusvit.com\/fabrica-vidrios-templados-colombia\/gestion-documental-indusvit\u00bb][g5plus_feature_box title=\u00bbColaboradores Indusvit\u00bb description=\u00bbEsta es una secci\u00f3n exclusiva para nuestros colaboradores, donde encontrar\u00e1s informaci\u00f3n, capacitaciones y gesti\u00f3n documental.\u00bb link=\u00bburl:https%3A%2F%2Findusvit.com%2Ffabrica-vidrios-templados-colombia%2Fgestion-documental-indusvit|title:Ver%20m%C3%A1s\u00bb color_scheme=\u00bb\u00bb][\/vc_column_inner][\/vc_row_inner][\/vc_column][\/vc_row]<\/p>\n<div class='campos'>","protected":false},"excerpt":{"rendered":"<p>[vc_row full_height=\u00bbyes\u00bb css=\u00bb.vc_custom_1642201917748{margin-top: 20px !important;margin-right: 20px !important;margin-bottom: 20px !important;margin-left: 20px !important;padding-top: 20px !important;padding-bottom: 20px !important;background-color: #eeeeee !important;background-position: center !important;background-repeat: no-repeat !important;background-size: cover !important;}\u00bb el_class=\u00bbmg-bottom-70&#8243;][vc_column][g5plus_heading sub_title=\u00bbBienvenido a la zona de informaci\u00f3n para nuestros Clientes y Gesti\u00f3n Documental\u00bb css=\u00bb.vc_custom_1642201799854{padding-bottom: 20px !important;}\u00bb][vc_row_inner layout=\u00bbcontainer\u00bb css=\u00bb.vc_custom_1642464500151{margin-top: 20px !important;margin-right: 20px !important;margin-bottom: 20px !important;margin-left: 20px !important;}\u00bb][vc_column_inner el_class=\u00bbsm-mg-bottom-30&#8243; width=\u00bb1\/2&#8243; css=\u00bb.vc_custom_1642464555243{margin-top: 40px !important;margin-right: 40px [&hellip;]<\/p>\n","protected":false},"author":1,"featured_media":0,"parent":0,"menu_order":0,"comment_status":"closed","ping_status":"closed","template":"","meta":{"cybocfi_hide_featured_image":"","footnotes":""},"class_list":["post-1803","page","type-page","status-publish","hentry"],"_links":{"self":[{"href":"https:\/\/indusvit.com\/fabrica-vidrios-templados-colombia\/wp-json\/wp\/v2\/pages\/1803","targetHints":{"allow":["GET"]}}],"collection":[{"href":"https:\/\/indusvit.com\/fabrica-vidrios-templados-colombia\/wp-json\/wp\/v2\/pages"}],"about":[{"href":"https:\/\/indusvit.com\/fabrica-vidrios-templados-colombia\/wp-json\/wp\/v2\/types\/page"}],"author":[{"embeddable":true,"href":"https:\/\/indusvit.com\/fabrica-vidrios-templados-colombia\/wp-json\/wp\/v2\/users\/1"}],"replies":[{"embeddable":true,"href":"https:\/\/indusvit.com\/fabrica-vidrios-templados-colombia\/wp-json\/wp\/v2\/comments?post=1803"}],"version-history":[{"count":35,"href":"https:\/\/indusvit.com\/fabrica-vidrios-templados-colombia\/wp-json\/wp\/v2\/pages\/1803\/revisions"}],"predecessor-version":[{"id":2148,"href":"https:\/\/indusvit.com\/fabrica-vidrios-templados-colombia\/wp-json\/wp\/v2\/pages\/1803\/revisions\/2148"}],"wp:attachment":[{"href":"https:\/\/indusvit.com\/fabrica-vidrios-templados-colombia\/wp-json\/wp\/v2\/media?parent=1803"}],"curies":[{"name":"wp","href":"https:\/\/api.w.org\/{rel}","templated":true}]}}