{"id":2201,"date":"2025-10-01T19:48:10","date_gmt":"2025-10-01T19:48:10","guid":{"rendered":"https:\/\/indusvit.com\/fabrica-vidrios-templados-colombia\/?page_id=2201"},"modified":"2025-10-30T14:23:35","modified_gmt":"2025-10-30T14:23:35","slug":"fabrica-vidrio-laminado-templado","status":"publish","type":"page","link":"https:\/\/indusvit.com\/fabrica-vidrios-templados-colombia\/fabrica-vidrio-laminado-templado\/","title":{"rendered":"Vidrio Laminado Templado"},"content":{"rendered":"<p>[vc_row layout=\u00bbcontainer\u00bb equal_height=\u00bbyes\u00bb el_class=\u00bbmg-bottom-90 sm-mg-bottom-60&#8243;][vc_column width=\u00bb1\/2&#8243; el_class=\u00bbcol-lg-6 col-md-12&#8243;][g5plus_heading title=\u00bbVidrio Laminado Templado\u00bb align=\u00bbtext-left\u00bb css=\u00bb.vc_custom_1759348182684{padding-top: 10px !important;}\u00bb][vc_column_text el_class=\u00bbmg-bottom-30 sm-mg-bottom-30&#8243;]La combinaci\u00f3n de la seguridad del vidrio templado y el vidrio laminado se unen para dar como resultado un vidrio m\u00e1s resistente, entre sus caracter\u00edsticas esta:<\/p>\n<p>En caso de rotura, los fragmentos de vidrio no se dispersan.<\/p>\n<p>Al estar templado, es mucho mas resistente que el vidrio laminado simple.<\/p>\n<p>Al estar templado permite fijar el vidrio con agujeros y pasadores de herrajes.<\/p>\n<p>El pl\u00e1stico PVB tambi\u00e9n ofrece el filtro UVB.<\/p>\n<p>Mejor aislamiento ac\u00fastico.<br \/>\n[\/vc_column_text][\/vc_column][vc_column width=\u00bb1\/2&#8243; el_class=\u00bbcol-lg-6 col-md-12&#8243;][vc_single_image image=\u00bb1396&#8243; img_size=\u00bbfull\u00bb alignment=\u00bbcenter\u00bb][\/vc_column][\/vc_row][vc_row content_placement=\u00bbmiddle\u00bb css=\u00bb.vc_custom_1639523650349{margin-top: 60px !important;margin-bottom: 60px !important;}\u00bb][vc_column][vc_column_text el_class=\u00bbmg-bottom-30 sm-mg-bottom-30&#8243;]<\/p>\n<table border=\"0\" width=\"100%\">\n<tbody>\n<tr>\n<td colspan=\"2\" bgcolor=\"#082a48\">\n<h4 style=\"color: rgba(255,255,255,1);\">Este producto puedes encontrarlo en nuestra sede:<\/h4>\n<\/td>\n<\/tr>\n<tr>\n<td>\n<h3><strong>Puente Aranda<\/strong><\/h3>\n<p>Calle 14 N. 52-30<br \/>\nBogot\u00e1-Colombia<br \/>\n(+57) 601 261 5644<br \/>\n(+57) 601 261 5823<br \/>\n<a href=\"mailto:puentearanda@indusvit.com\">puentearanda@indusvit.com<\/a><\/td>\n<td>\n<h3><strong>Fontib\u00f3n<\/strong><\/h3>\n<p>Carrera 96b N. 17-16<br \/>\nBogot\u00e1 \u2013 Colombia<br \/>\n(+57) 601 298 7533<br \/>\n(+57) 601 298 7078<br \/>\nfontibon@indusvit.com<\/td>\n<\/tr>\n<tr>\n<td>\n<h3><strong>Principal<\/strong><\/h3>\n<p><span class=\"address_wrapper\">Carrera 33 N. 17B-16<br \/>\nBogot\u00e1 \u2013 Colombia<\/span><br \/>\n(+57) 601 208 4452<br \/>\n(+57) 601 247 7920<br \/>\nprincipal@indusvit.com<\/td>\n<td>\n<h3 class=\"get_in_touch_wrapper\"><strong>Cali<\/strong><\/h3>\n<p>Carrera 4 n. 28-05<br \/>\nCali \u2013 Colombia<br \/>\n(+57) 602 4013512<\/td>\n<\/tr>\n<\/tbody>\n<\/table>\n<p>[\/vc_column_text][vc_gallery type=\u00bbimage_grid\u00bb images=\u00bb2254,2255,2256,2257,2258,2259,2260,2261&#8243;][\/vc_column][\/vc_row][vc_row full_height=\u00bbyes\u00bb overlay_mode=\u00bbcolor\u00bb css=\u00bb.vc_custom_1759348592677{padding-top: 60px !important;padding-right: 60px !important;padding-bottom: 60px !important;padding-left: 30px !important;background-image: url(https:\/\/indusvit.com\/fabrica-vidrios-templados-colombia\/wp-content\/uploads\/2025\/09\/indusvit-fabrica-de-vidrio-templado-bogota-cali-colombia-2.jpg?id=2187) !important;}\u00bb][vc_column width=\u00bb5\/6&#8243;][g5plus_heading title=\u00bbAYUDAMOS A HACER REALIDAD SUS PROYECTOS\u00bb sub_title=\u00bbEscribanos para recibir asesor\u00eda\u00bb][vc_wp_text]<\/p>\n<h3 style=\"text-align: center;\"><a href=\"https:\/\/web.whatsapp.com\/send?phone=573108820672&amp;text=Hola!%20%0D%0AQuiero%20conocer%20m%C3%A1s%20a%20cerca%20de%20Indusvit%0D%0Aestoy%20visitando%20la%20web%20en%20https%3A%2F%2Findusvit.com%2Ffabrica-vidrios-templados-colombia%2F%0D%0Ami%20nombre%20es\"><strong><img loading=\"lazy\" decoding=\"async\" class=\"wp-image-2191 alignnone\" src=\"https:\/\/indusvit.com\/fabrica-vidrios-templados-colombia\/wp-content\/uploads\/2025\/09\/WhatsApp_icon-300x300.png\" alt=\"\" width=\"37\" height=\"37\" srcset=\"https:\/\/indusvit.com\/fabrica-vidrios-templados-colombia\/wp-content\/uploads\/2025\/09\/WhatsApp_icon-300x300.png 300w, https:\/\/indusvit.com\/fabrica-vidrios-templados-colombia\/wp-content\/uploads\/2025\/09\/WhatsApp_icon-150x150.png 150w, https:\/\/indusvit.com\/fabrica-vidrios-templados-colombia\/wp-content\/uploads\/2025\/09\/WhatsApp_icon.png 662w\" sizes=\"auto, (max-width: 37px) 100vw, 37px\" \/>310 882 0672<\/strong><\/a><\/h3>\n<p>[\/vc_wp_text][\/vc_column][vc_column width=\u00bb1\/6&#8243;][\/vc_column][\/vc_row]<\/p>\n<div class='campos'>","protected":false},"excerpt":{"rendered":"<p>[vc_row layout=\u00bbcontainer\u00bb equal_height=\u00bbyes\u00bb el_class=\u00bbmg-bottom-90 sm-mg-bottom-60&#8243;][vc_column width=\u00bb1\/2&#8243; el_class=\u00bbcol-lg-6 col-md-12&#8243;][g5plus_heading title=\u00bbVidrio Laminado Templado\u00bb align=\u00bbtext-left\u00bb css=\u00bb.vc_custom_1759348182684{padding-top: 10px !important;}\u00bb][vc_column_text el_class=\u00bbmg-bottom-30 sm-mg-bottom-30&#8243;]La combinaci\u00f3n de la seguridad del vidrio templado y el vidrio laminado se unen para dar como resultado un vidrio m\u00e1s resistente, entre sus caracter\u00edsticas esta: En caso de rotura, los fragmentos de vidrio no se dispersan. Al estar [&hellip;]<\/p>\n","protected":false},"author":1,"featured_media":0,"parent":0,"menu_order":0,"comment_status":"closed","ping_status":"closed","template":"","meta":{"cybocfi_hide_featured_image":"","footnotes":""},"class_list":["post-2201","page","type-page","status-publish","hentry"],"_links":{"self":[{"href":"https:\/\/indusvit.com\/fabrica-vidrios-templados-colombia\/wp-json\/wp\/v2\/pages\/2201","targetHints":{"allow":["GET"]}}],"collection":[{"href":"https:\/\/indusvit.com\/fabrica-vidrios-templados-colombia\/wp-json\/wp\/v2\/pages"}],"about":[{"href":"https:\/\/indusvit.com\/fabrica-vidrios-templados-colombia\/wp-json\/wp\/v2\/types\/page"}],"author":[{"embeddable":true,"href":"https:\/\/indusvit.com\/fabrica-vidrios-templados-colombia\/wp-json\/wp\/v2\/users\/1"}],"replies":[{"embeddable":true,"href":"https:\/\/indusvit.com\/fabrica-vidrios-templados-colombia\/wp-json\/wp\/v2\/comments?post=2201"}],"version-history":[{"count":8,"href":"https:\/\/indusvit.com\/fabrica-vidrios-templados-colombia\/wp-json\/wp\/v2\/pages\/2201\/revisions"}],"predecessor-version":[{"id":2262,"href":"https:\/\/indusvit.com\/fabrica-vidrios-templados-colombia\/wp-json\/wp\/v2\/pages\/2201\/revisions\/2262"}],"wp:attachment":[{"href":"https:\/\/indusvit.com\/fabrica-vidrios-templados-colombia\/wp-json\/wp\/v2\/media?parent=2201"}],"curies":[{"name":"wp","href":"https:\/\/api.w.org\/{rel}","templated":true}]}}