{"id":2209,"date":"2025-10-01T20:08:02","date_gmt":"2025-10-01T20:08:02","guid":{"rendered":"https:\/\/indusvit.com\/fabrica-vidrios-templados-colombia\/?page_id=2209"},"modified":"2025-10-01T20:18:27","modified_gmt":"2025-10-01T20:18:27","slug":"fabrica-vidrio-laminado","status":"publish","type":"page","link":"https:\/\/indusvit.com\/fabrica-vidrios-templados-colombia\/fabrica-vidrio-laminado\/","title":{"rendered":"Vidrio Laminado"},"content":{"rendered":"<p>[vc_row content_placement=\u00bbmiddle\u00bb css=\u00bb.vc_custom_1639523650349{margin-top: 60px !important;margin-bottom: 60px !important;}\u00bb][vc_column][g5plus_heading title=\u00bbVidrio Laminado\u00bb align=\u00bbtext-left\u00bb css=\u00bb.vc_custom_1759348975650{padding-top: 10px !important;}\u00bb][vc_column_text el_class=\u00bbmg-bottom-30 sm-mg-bottom-30&#8243;]Elaborado con dos l\u00e1minas de vidrio plano, unidos entre ellos por una capa de polivinil disminuyendo los rayos UV. Su proceso de laminado logra que en caso de rotura la capa de polivinil retenga el vidrio, evitando grietas y reduciendo el riesgo de accidentes graves.<\/p>\n<p><img loading=\"lazy\" decoding=\"async\" class=\"alignleft size-full wp-image-1413\" src=\"https:\/\/indusvit.com\/fabrica-vidrios-templados-colombia\/wp-content\/uploads\/2021\/12\/ESQUEMA-224x300-1.jpeg\" alt=\"Vidrio Laminado\" width=\"224\" height=\"300\" \/>Al romperse los trozos quedan adheridos a una interl\u00e1mina de PVB de gran resistencia mec\u00e1nica, muy dif\u00edcil de atravesar se mantiene la integridad de la lamina sosteniendo el vidrio, lo que hace que su aplicaci\u00f3n sea pr\u00e1cticamente infinita, principalmente en aquellas zonas donde el vidrio da al vac\u00edo o en techos vidriados.<\/p>\n<p>El vidrio laminado se fabrica con maquinaria adecuada y controlada; autoclave con presi\u00f3n y temperatura controlados, Hornos de prelaminado y cuartos de ensambles haciendo que las dos hojas de vidrio se adhieran a la interl\u00e1mina conformando un s\u00e1ndwich pr\u00e1cticamente monol\u00edtico. La interl\u00e1mina de PVB, adem\u00e1s, logra una mayor aislaci\u00f3n ac\u00fastica y filtra hasta el 99% de los rayos ultravioletas, reduciendo la posibilidad de decoloraci\u00f3n de los revestimientos, muebles y cortinados. Este art\u00edculo menciona tu favorito a precios s\u00faper bajos. Elija entre entrega el mismo d\u00eda, entrega desde el veh\u00edculo o recogida de pedidos.<\/p>\n<p>Este tipo de vidrio se utiliza para el parabrisas de los autos.<\/p>\n<p><strong>APLICACIONES<\/strong><\/p>\n<p>Fachadas marquesinas y toda superficie que requiera una seguridad de desplome y no se produzca desprendimiento del vidrio.<br \/>\nAdem\u00e1s, se puede utilizar como atenuante m\u00ednimo de caracter\u00edsticas termoac\u00fasticas.<\/p>\n<p><strong>MEDIDAS<\/strong><br \/>\nM\u00ednimo\u00a0 300 x 300<br \/>\nM\u00e1ximo 2400 x 3600mm<\/p>\n<p><strong>PRESENTACIONES<\/strong><\/p>\n<p>LAMINADO INCOLORO (TRANSPARENTE)<br \/>\nCualquier m\u00f3dulo que se encuentre dentro de las medidas establecidas.<\/p>\n<p>Vidrio incoloro -Polivinil incoloro &#8211; Vidrio Incoloro<\/p>\n<p>LAMINADO DE COLOR<br \/>\nDonde el tono deseado se puede realizar con la tonalidad del vidrio.<br \/>\nBronce \u2013 Verde-Gris \u2013 Reflectivos &#8211; Azules<\/p>\n<p>VIDRIO DE COLOR + POLIVINIL INCOLORO + VIDRIO INCOLORO<\/p>\n<p>VIDRIO DE COLOR + POLIVINIL INCOLORO + VIDRIO DE COLOR<br \/>\nDonde el tono deseado se puede realizar con la tonalidad del polivinil traslucido o s\u00f3lido, logrando gran variedad de colores.<\/p>\n<p>VIDRIO INCOLORO + POLIVINIL DE COLOR + VIDRIO INCOLORO<br \/>\nColores de Dise\u00f1o: Rojo, Verde, Azul, Amarillo, Violeta, Cafe o Naranja.<\/p>\n<p>El espesor varia de la composici\u00f3n con la que se realice, combinando los diferentes espesores entre ello.[\/vc_column_text][\/vc_column][\/vc_row][vc_row content_placement=\u00bbmiddle\u00bb css=\u00bb.vc_custom_1639523650349{margin-top: 60px !important;margin-bottom: 60px !important;}\u00bb][vc_column][vc_column_text el_class=\u00bbmg-bottom-30 sm-mg-bottom-30&#8243;]<\/p>\n<table border=\"0\" width=\"100%\">\n<tbody>\n<tr>\n<td colspan=\"2\" bgcolor=\"#082a48\">\n<h4 style=\"color: rgba(255,255,255,1);\">Este producto puedes encontrarlo en nuestra sede:<\/h4>\n<\/td>\n<\/tr>\n<tr>\n<td>\n<h3><strong>Puente Aranda<\/strong><\/h3>\n<p>Calle 14 N. 52-30<br \/>\nBogot\u00e1-Colombia<br \/>\n(+57) 601 261 5644<br \/>\n(+57) 601 261 5823<br \/>\n<a href=\"mailto:puentearanda@indusvit.com\">puentearanda@indusvit.com<\/a><\/td>\n<td>\n<h3><strong>Fontib\u00f3n<\/strong><\/h3>\n<p>Carrera 96b N. 17-16<br \/>\nBogot\u00e1 \u2013 Colombia<br \/>\n(+57) 601 298 7533<br \/>\n(+57) 601 298 7078<br \/>\nfontibon@indusvit.com<\/td>\n<\/tr>\n<tr>\n<td>\n<h3><strong>Principal<\/strong><\/h3>\n<p><span class=\"address_wrapper\">Carrera 33 N. 17B-16<br \/>\nBogot\u00e1 \u2013 Colombia<\/span><br \/>\n(+57) 601 208 4452<br \/>\n(+57) 601 247 7920<br \/>\nprincipal@indusvit.com<\/td>\n<td>\n<h3 class=\"get_in_touch_wrapper\"><strong>Cali<\/strong><\/h3>\n<p>Carrera 4 n. 28-05<br \/>\nCali \u2013 Colombia<br \/>\n(+57) 602 4013512<br \/>\n(+57) 310 882 0668<br \/>\nindusvitcali@hotmail.com<\/td>\n<\/tr>\n<\/tbody>\n<\/table>\n<p>[\/vc_column_text][vc_gallery type=\u00bbimage_grid\u00bb images=\u00bb1411,1412,1406,1410,1409,1408,1407&#8243;][\/vc_column][\/vc_row][vc_row full_height=\u00bbyes\u00bb overlay_mode=\u00bbcolor\u00bb css=\u00bb.vc_custom_1759348592677{padding-top: 60px !important;padding-right: 60px !important;padding-bottom: 60px !important;padding-left: 30px !important;background-image: url(https:\/\/indusvit.com\/fabrica-vidrios-templados-colombia\/wp-content\/uploads\/2025\/09\/indusvit-fabrica-de-vidrio-templado-bogota-cali-colombia-2.jpg?id=2187) !important;}\u00bb][vc_column width=\u00bb5\/6&#8243;][g5plus_heading title=\u00bbAYUDAMOS A HACER REALIDAD SUS PROYECTOS\u00bb sub_title=\u00bbEscribanos para recibir asesor\u00eda\u00bb][vc_wp_text]<\/p>\n<h3 style=\"text-align: center;\"><a href=\"https:\/\/web.whatsapp.com\/send?phone=573108820672&amp;text=Hola!%20%0D%0AQuiero%20conocer%20m%C3%A1s%20a%20cerca%20de%20Indusvit%0D%0Aestoy%20visitando%20la%20web%20en%20https%3A%2F%2Findusvit.com%2Ffabrica-vidrios-templados-colombia%2F%0D%0Ami%20nombre%20es\"><strong><img loading=\"lazy\" decoding=\"async\" class=\"wp-image-2191 alignnone\" src=\"https:\/\/indusvit.com\/fabrica-vidrios-templados-colombia\/wp-content\/uploads\/2025\/09\/WhatsApp_icon-300x300.png\" alt=\"\" width=\"37\" height=\"37\" srcset=\"https:\/\/indusvit.com\/fabrica-vidrios-templados-colombia\/wp-content\/uploads\/2025\/09\/WhatsApp_icon-300x300.png 300w, https:\/\/indusvit.com\/fabrica-vidrios-templados-colombia\/wp-content\/uploads\/2025\/09\/WhatsApp_icon-150x150.png 150w, https:\/\/indusvit.com\/fabrica-vidrios-templados-colombia\/wp-content\/uploads\/2025\/09\/WhatsApp_icon.png 662w\" sizes=\"auto, (max-width: 37px) 100vw, 37px\" \/>310 882 0672<\/strong><\/a><\/h3>\n<p>[\/vc_wp_text][\/vc_column][vc_column width=\u00bb1\/6&#8243;][\/vc_column][\/vc_row]<\/p>\n<div class='campos'>","protected":false},"excerpt":{"rendered":"<p>[vc_row content_placement=\u00bbmiddle\u00bb css=\u00bb.vc_custom_1639523650349{margin-top: 60px !important;margin-bottom: 60px !important;}\u00bb][vc_column][g5plus_heading title=\u00bbVidrio Laminado\u00bb align=\u00bbtext-left\u00bb css=\u00bb.vc_custom_1759348975650{padding-top: 10px !important;}\u00bb][vc_column_text el_class=\u00bbmg-bottom-30 sm-mg-bottom-30&#8243;]Elaborado con dos l\u00e1minas de vidrio plano, unidos entre ellos por una capa de polivinil disminuyendo los rayos UV. Su proceso de laminado logra que en caso de rotura la capa de polivinil retenga el vidrio, evitando grietas y reduciendo el [&hellip;]<\/p>\n","protected":false},"author":1,"featured_media":0,"parent":0,"menu_order":0,"comment_status":"closed","ping_status":"closed","template":"","meta":{"cybocfi_hide_featured_image":"","footnotes":""},"class_list":["post-2209","page","type-page","status-publish","hentry"],"_links":{"self":[{"href":"https:\/\/indusvit.com\/fabrica-vidrios-templados-colombia\/wp-json\/wp\/v2\/pages\/2209","targetHints":{"allow":["GET"]}}],"collection":[{"href":"https:\/\/indusvit.com\/fabrica-vidrios-templados-colombia\/wp-json\/wp\/v2\/pages"}],"about":[{"href":"https:\/\/indusvit.com\/fabrica-vidrios-templados-colombia\/wp-json\/wp\/v2\/types\/page"}],"author":[{"embeddable":true,"href":"https:\/\/indusvit.com\/fabrica-vidrios-templados-colombia\/wp-json\/wp\/v2\/users\/1"}],"replies":[{"embeddable":true,"href":"https:\/\/indusvit.com\/fabrica-vidrios-templados-colombia\/wp-json\/wp\/v2\/comments?post=2209"}],"version-history":[{"count":9,"href":"https:\/\/indusvit.com\/fabrica-vidrios-templados-colombia\/wp-json\/wp\/v2\/pages\/2209\/revisions"}],"predecessor-version":[{"id":2220,"href":"https:\/\/indusvit.com\/fabrica-vidrios-templados-colombia\/wp-json\/wp\/v2\/pages\/2209\/revisions\/2220"}],"wp:attachment":[{"href":"https:\/\/indusvit.com\/fabrica-vidrios-templados-colombia\/wp-json\/wp\/v2\/media?parent=2209"}],"curies":[{"name":"wp","href":"https:\/\/api.w.org\/{rel}","templated":true}]}}