{"id":2228,"date":"2025-10-01T20:38:08","date_gmt":"2025-10-01T20:38:08","guid":{"rendered":"https:\/\/indusvit.com\/fabrica-vidrios-templados-colombia\/?page_id=2228"},"modified":"2025-10-01T20:41:16","modified_gmt":"2025-10-01T20:41:16","slug":"fabrica-de-vidrio-templado-curvo","status":"publish","type":"page","link":"https:\/\/indusvit.com\/fabrica-vidrios-templados-colombia\/fabrica-de-vidrio-templado-curvo\/","title":{"rendered":"Vidrio Templado Curvo"},"content":{"rendered":"<p>[vc_row content_placement=\u00bbmiddle\u00bb css=\u00bb.vc_custom_1639523650349{margin-top: 60px !important;margin-bottom: 60px !important;}\u00bb][vc_column width=\u00bb2\/3&#8243;][g5plus_heading title=\u00bbVidrio Templado Curvo\u00bb align=\u00bbtext-left\u00bb css=\u00bb.vc_custom_1759350729748{padding-top: 10px !important;}\u00bb][vc_column_text el_class=\u00bbmg-bottom-30 sm-mg-bottom-30&#8243;]El vidrio templado curvo cumple con todos los requisitos del vidrio templado, adicionando a este la versatilidad de dise\u00f1o con m\u00e1s movimiento en los espacios.<\/p>\n<p>Tenemos la posibilidad de realizar vidrios curvos sin pinzatura con radios uniformes.<\/p>\n<p><img loading=\"lazy\" decoding=\"async\" class=\"aligncenter wp-image-1492\" src=\"https:\/\/indusvit.com\/fabrica-vidrios-templados-colombia\/wp-content\/uploads\/2021\/12\/curvo0-300x169.jpg\" alt=\"Vidrio Templado Curvo\" width=\"321\" height=\"181\" srcset=\"https:\/\/indusvit.com\/fabrica-vidrios-templados-colombia\/wp-content\/uploads\/2021\/12\/curvo0-300x169.jpg 300w, https:\/\/indusvit.com\/fabrica-vidrios-templados-colombia\/wp-content\/uploads\/2021\/12\/curvo0.jpg 600w\" sizes=\"auto, (max-width: 321px) 100vw, 321px\" \/><\/p>\n<table width=\"331\">\n<tbody>\n<tr>\n<td width=\"112\">ESPECIFICACI\u00d3N<\/td>\n<td width=\"67\">\n<p>M\u00cdNIMO<\/p>\n<p>(mm)<\/td>\n<td width=\"88\">\n<p>M\u00c1XIMO<\/p>\n<p>(mm)<\/td>\n<\/tr>\n<tr>\n<td width=\"112\">DESARROLLO<\/td>\n<td width=\"67\">400<\/td>\n<td width=\"88\">1500<\/td>\n<\/tr>\n<tr>\n<td width=\"112\">RADIO<\/td>\n<td width=\"67\">800<\/td>\n<td width=\"88\">8000<\/td>\n<\/tr>\n<tr>\n<td width=\"112\">ESPESOR<\/td>\n<td width=\"67\">5<\/td>\n<td width=\"88\">12<\/td>\n<\/tr>\n<tr>\n<td width=\"112\">ALTO<\/td>\n<td width=\"67\">400<\/td>\n<td width=\"88\">2400<\/td>\n<\/tr>\n<\/tbody>\n<\/table>\n<p>Es un vidrio que se somete a un proceso de calentamiento uniforme y luego a uno de enfriamiento brusco por medio de aire a presi\u00f3n.<\/p>\n<p>Este producto es m\u00e1s resistente f\u00edsica y t\u00e9rmicamente que el cristal monol\u00edtico regular, del mismo espesor sometido a las mismas cargas de presi\u00f3n.<\/p>\n<p>MEDIDAS<\/p>\n<p>M\u00ednimo 500 X 500<br \/>\nM\u00e1ximo Desarrollo 1500 X 2400mm<br \/>\nRadio M\u00ednimo 800mm<\/p>\n<p>PRESENTACIONES<br \/>\nCualquier modulo que se encuentre dentro de las medidas establecidas, con colores: INCOLORO, BRONCE, VERDE, GRIS, REFLECTIVOS, AZULES.<\/p>\n<p>ESPESORES<br \/>\n5,6,8,10,12mm[\/vc_column_text][\/vc_column][vc_column width=\u00bb1\/3&#8243;][vc_single_image image=\u00bb1499&#8243; img_size=\u00bbfull\u00bb][vc_single_image image=\u00bb1497&#8243; img_size=\u00bbfull\u00bb css=\u00bb.vc_custom_1759351237475{padding-top: 80px !important;}\u00bb][\/vc_column][\/vc_row][vc_row content_placement=\u00bbmiddle\u00bb css=\u00bb.vc_custom_1639523650349{margin-top: 60px !important;margin-bottom: 60px !important;}\u00bb][vc_column][vc_column_text el_class=\u00bbmg-bottom-30 sm-mg-bottom-30&#8243;]<\/p>\n<table border=\"0\" width=\"100%\">\n<tbody>\n<tr>\n<td colspan=\"2\" bgcolor=\"#082a48\">\n<h4 style=\"color: rgba(255,255,255,1);\">Este producto puedes encontrarlo en nuestra sede:<\/h4>\n<\/td>\n<\/tr>\n<tr>\n<td>\n<h3><strong>Puente Aranda<\/strong><\/h3>\n<p>Calle 14 N. 52-30<br \/>\nBogot\u00e1-Colombia<br \/>\n(+57) 601 805 1526<br \/>\n(+57) 601 805 1564<br \/>\n(+57) 316 823 2272<br \/>\n<a href=\"mailto:puentearanda@indusvit.com\">puentearanda@indusvit.com<\/a><\/td>\n<td>\n<h3 class=\"get_in_touch_wrapper\"><strong>Cali<\/strong><\/h3>\n<p>Carrera 4 n. 28-05<br \/>\nCali \u2013 Colombia<br \/>\n(+57) 602 4013512<br \/>\n(+57) 310 882 0668<br \/>\nindusvitcali@hotmail.com<\/td>\n<\/tr>\n<\/tbody>\n<\/table>\n<p>[\/vc_column_text][vc_gallery type=\u00bbimage_grid\u00bb images=\u00bb1705,1696,1509,1508,1507,1506,1505,1511,1510&#8243;][\/vc_column][\/vc_row][vc_row full_height=\u00bbyes\u00bb overlay_mode=\u00bbcolor\u00bb css=\u00bb.vc_custom_1759348592677{padding-top: 60px !important;padding-right: 60px !important;padding-bottom: 60px !important;padding-left: 30px !important;background-image: url(https:\/\/indusvit.com\/fabrica-vidrios-templados-colombia\/wp-content\/uploads\/2025\/09\/indusvit-fabrica-de-vidrio-templado-bogota-cali-colombia-2.jpg?id=2187) !important;}\u00bb][vc_column width=\u00bb5\/6&#8243;][g5plus_heading title=\u00bbAYUDAMOS A HACER REALIDAD SUS PROYECTOS\u00bb sub_title=\u00bbEscribanos para recibir asesor\u00eda\u00bb][vc_wp_text]<\/p>\n<h3 style=\"text-align: center;\"><a href=\"https:\/\/web.whatsapp.com\/send?phone=573108820672&amp;text=Hola!%20%0D%0AQuiero%20conocer%20m%C3%A1s%20a%20cerca%20de%20Indusvit%0D%0Aestoy%20visitando%20la%20web%20en%20https%3A%2F%2Findusvit.com%2Ffabrica-vidrios-templados-colombia%2F%0D%0Ami%20nombre%20es\"><strong><img loading=\"lazy\" decoding=\"async\" class=\"wp-image-2191 alignnone\" src=\"https:\/\/indusvit.com\/fabrica-vidrios-templados-colombia\/wp-content\/uploads\/2025\/09\/WhatsApp_icon-300x300.png\" alt=\"\" width=\"37\" height=\"37\" srcset=\"https:\/\/indusvit.com\/fabrica-vidrios-templados-colombia\/wp-content\/uploads\/2025\/09\/WhatsApp_icon-300x300.png 300w, https:\/\/indusvit.com\/fabrica-vidrios-templados-colombia\/wp-content\/uploads\/2025\/09\/WhatsApp_icon-150x150.png 150w, https:\/\/indusvit.com\/fabrica-vidrios-templados-colombia\/wp-content\/uploads\/2025\/09\/WhatsApp_icon.png 662w\" sizes=\"auto, (max-width: 37px) 100vw, 37px\" \/>310 882 0672<\/strong><\/a><\/h3>\n<p>[\/vc_wp_text][\/vc_column][vc_column width=\u00bb1\/6&#8243;][\/vc_column][\/vc_row]<\/p>\n<div class='campos'>","protected":false},"excerpt":{"rendered":"<p>[vc_row content_placement=\u00bbmiddle\u00bb css=\u00bb.vc_custom_1639523650349{margin-top: 60px !important;margin-bottom: 60px !important;}\u00bb][vc_column width=\u00bb2\/3&#8243;][g5plus_heading title=\u00bbVidrio Templado Curvo\u00bb align=\u00bbtext-left\u00bb css=\u00bb.vc_custom_1759350729748{padding-top: 10px !important;}\u00bb][vc_column_text el_class=\u00bbmg-bottom-30 sm-mg-bottom-30&#8243;]El vidrio templado curvo cumple con todos los requisitos del vidrio templado, adicionando a este la versatilidad de dise\u00f1o con m\u00e1s movimiento en los espacios. Tenemos la posibilidad de realizar vidrios curvos sin pinzatura con radios uniformes. ESPECIFICACI\u00d3N M\u00cdNIMO [&hellip;]<\/p>\n","protected":false},"author":1,"featured_media":0,"parent":0,"menu_order":0,"comment_status":"closed","ping_status":"closed","template":"","meta":{"cybocfi_hide_featured_image":"","footnotes":""},"class_list":["post-2228","page","type-page","status-publish","hentry"],"_links":{"self":[{"href":"https:\/\/indusvit.com\/fabrica-vidrios-templados-colombia\/wp-json\/wp\/v2\/pages\/2228","targetHints":{"allow":["GET"]}}],"collection":[{"href":"https:\/\/indusvit.com\/fabrica-vidrios-templados-colombia\/wp-json\/wp\/v2\/pages"}],"about":[{"href":"https:\/\/indusvit.com\/fabrica-vidrios-templados-colombia\/wp-json\/wp\/v2\/types\/page"}],"author":[{"embeddable":true,"href":"https:\/\/indusvit.com\/fabrica-vidrios-templados-colombia\/wp-json\/wp\/v2\/users\/1"}],"replies":[{"embeddable":true,"href":"https:\/\/indusvit.com\/fabrica-vidrios-templados-colombia\/wp-json\/wp\/v2\/comments?post=2228"}],"version-history":[{"count":3,"href":"https:\/\/indusvit.com\/fabrica-vidrios-templados-colombia\/wp-json\/wp\/v2\/pages\/2228\/revisions"}],"predecessor-version":[{"id":2232,"href":"https:\/\/indusvit.com\/fabrica-vidrios-templados-colombia\/wp-json\/wp\/v2\/pages\/2228\/revisions\/2232"}],"wp:attachment":[{"href":"https:\/\/indusvit.com\/fabrica-vidrios-templados-colombia\/wp-json\/wp\/v2\/media?parent=2228"}],"curies":[{"name":"wp","href":"https:\/\/api.w.org\/{rel}","templated":true}]}}