{"id":2237,"date":"2025-10-01T21:02:02","date_gmt":"2025-10-01T21:02:02","guid":{"rendered":"https:\/\/indusvit.com\/fabrica-vidrios-templados-colombia\/?page_id=2237"},"modified":"2025-10-01T21:02:02","modified_gmt":"2025-10-01T21:02:02","slug":"fabrica-de-vidrios-control-solar","status":"publish","type":"page","link":"https:\/\/indusvit.com\/fabrica-vidrios-templados-colombia\/fabrica-de-vidrios-control-solar\/","title":{"rendered":"Vidrio de Control Solar"},"content":{"rendered":"<p>[vc_row content_placement=\u00bbmiddle\u00bb css=\u00bb.vc_custom_1639523650349{margin-top: 60px !important;margin-bottom: 60px !important;}\u00bb][vc_column][g5plus_heading title=\u00bbVidrio de Control Solar\u00bb align=\u00bbtext-left\u00bb css=\u00bb.vc_custom_1759352240986{padding-top: 10px !important;}\u00bb][vc_column_text el_class=\u00bbmg-bottom-30 sm-mg-bottom-30&#8243;]Es de gran utilidad en espacios donde se aprovecha la comodidad del calor\u00a0 pero es excesivo, se utiliza este tipo de vidrio sin sacrificar la iluminaci\u00f3n. Es importante, en climas c\u00e1lidos, contribuyen a reducir el consumo de energ\u00eda de los ventiladores o del aire acondicionado.<\/p>\n<p style=\"text-align: center;\"><img loading=\"lazy\" decoding=\"async\" class=\"aligncenter wp-image-1514\" src=\"https:\/\/indusvit.com\/fabrica-vidrios-templados-colombia\/wp-content\/uploads\/2021\/12\/vidirio-de-color-solar-300x246.png\" alt=\"Vidrio de Control Solar\" width=\"235\" height=\"176\" \/><\/p>\n<p>Posee un recubrimiento m\u00ednimo que le permite irradiar la energ\u00eda solar al exterior. Esto evita el sobre calentamiento en los espacios o \u00e1reas con alguna superficie acristalada.<\/p>\n<p>Reduce considerablemente el calor producido por el sol.<\/p>\n<p>APLICACIONES:<br \/>\nGrandes superficies como: domos, techo y grandes ventanales.<\/p>\n<p>MEDIDAS:<br \/>\nM\u00ednimo 300 X 300<br \/>\nM\u00e1ximo 2400 X 3600mm<\/p>\n<p>PRESENTACIONES<br \/>\nCualquier m\u00f3dulo que se encuentre dentro de las medidas establecidas, con colores establecidos por el fabricante.<\/p>\n<p>&nbsp;<\/p>\n<h3><strong>LLOVIZNA<\/strong><\/h3>\n<p>Vidrio con textura que permiten el traspasar la luz creando un ambiente innovador en dise\u00f1o y un poco de privacidad<\/p>\n<h3><strong>ANTI REFLECTIVO<\/strong><\/h3>\n<p>Vidrio con m\u00ednima capacidad reflectiva, \u00a0ideal para espacios donde la luz afecta el dise\u00f1o.<\/p>\n<h3><strong>BIENESTAR<\/strong><\/h3>\n<p>Vidrio de control solar que reduce la entrada de calor y el ingreso de rayos UV, sin bloquear el paso de la luz natural, entre sus ventajas; reduce 70% de calor a la vivienda para climas c\u00e1lidos. Vidrio ideal para lograr un bienestar y conservaci\u00f3n del medio ambiente, este vidrio tiene las caracter\u00edsticas de mantener una temperatura adecuada en cualquier ambiente, no presente humedad. Ideal para hogares por su confort t\u00e9rmico y ac\u00fastico.<\/p>\n<h3><strong>COOL LITE <\/strong><strong>\u00ae<\/strong> <strong>ST\/STB<\/strong><\/h3>\n<p>Mayor cubrimiento de control solar y reduce los costos de aire acondicionado, mejora la comodidad visual mediante el filtro de luz, es neutral en su trasmisi\u00f3n y ofrece claridad en su apariencia. Ideal para zonas de alta temperatura de ambiente. Si est\u00e1 buscando, \u00a1nuestra plataforma es su mejor opci\u00f3n! \u00a1El centro comercial m\u00e1s grande!<\/p>\n<h3><strong>VIDRIO CON TEXTURA <\/strong><\/h3>\n<p>Son vidrios con texturas suaves y mate que hacen que el ambiente sea agradable y discreto. Aplicado en divisiones interiores, puertas corredizas, mobiliario en general.<\/p>\n<h3><strong>VIDRIO PLANILAQUE<\/strong><\/h3>\n<p>Vidrio lacado de color con alta resistencia, permite armonizar espacios, elegancia y acabado duradero, su aplicaci\u00f3n, est\u00e1 en el revestimiento de paredes, muros, muebles de cocina.<\/p>\n<h3><strong>VIDRIOS SATINOVO<\/strong><\/h3>\n<p>Vidrio tipo samblasting, perfectamente homog\u00e9neo ideal para privatizar espacios interiores.<\/p>\n<h3><strong>ESPEJO<\/strong><\/h3>\n<p>Utilizado en todo espacio, crea elegancia y sensaci\u00f3n de amplitud, su aplicaci\u00f3n es realmente vers\u00e1til y cumple con todos los est\u00e1ndares de calidad[\/vc_column_text][\/vc_column][\/vc_row][vc_row content_placement=\u00bbmiddle\u00bb css=\u00bb.vc_custom_1759352319305{margin-top: 60px !important;margin-bottom: 60px !important;}\u00bb][vc_column][vc_column_text el_class=\u00bbmg-bottom-30 sm-mg-bottom-30&#8243;]<\/p>\n<table border=\"0\" width=\"100%\">\n<tbody>\n<tr>\n<td colspan=\"2\" bgcolor=\"#082a48\">\n<h4 style=\"color: rgba(255,255,255,1);\">Este producto puedes encontrarlo en nuestra sede:<\/h4>\n<\/td>\n<\/tr>\n<tr>\n<td>\n<h3><strong>Puente Aranda<\/strong><\/h3>\n<p>Calle 14 N. 52-30<br \/>\nBogot\u00e1-Colombia<br \/>\n(+57) 601 805 1526<br \/>\n(+57) 601 805 1564<br \/>\n(+57) 316 823 2272<br \/>\n<a href=\"mailto:puentearanda@indusvit.com\">puentearanda@indusvit.com<\/a><\/td>\n<td>\n<h3><strong>Fontib\u00f3n<\/strong><\/h3>\n<p>Carrera 96b N. 17-16<br \/>\nBogot\u00e1 \u2013 Colombia<br \/>\nPBX (+57) 601 466 1455<br \/>\n(+57) 601 466 0071<br \/>\n(+57) 601 466 1748<br \/>\n(+57) 320 240 1215<br \/>\nfontibon@indusvit.com<\/td>\n<\/tr>\n<tr>\n<td>\n<h3><strong>Principal<\/strong><\/h3>\n<p><span class=\"address_wrapper\">Carrera 33 N. 17B-16<br \/>\nBogot\u00e1 \u2013 Colombia<\/span><br \/>\n(+57) 601 755 7368<br \/>\n(+57) 601 755 1987<br \/>\n(+57) 310 882 0672<br \/>\nprincipal@indusvit.com<\/td>\n<td>\n<h3 class=\"get_in_touch_wrapper\"><strong>Cali<\/strong><\/h3>\n<p>Carrera 4 n. 28-05<br \/>\nCali \u2013 Colombia<br \/>\n(+57) 602 4013512<br \/>\n(+57) 310 882 0668<br \/>\nindusvitcali@hotmail.com<\/td>\n<\/tr>\n<\/tbody>\n<\/table>\n<p>[\/vc_column_text][vc_gallery type=\u00bbimage_grid\u00bb images=\u00bb1512,1513,1514,1695&#8243;][\/vc_column][\/vc_row][vc_row full_height=\u00bbyes\u00bb overlay_mode=\u00bbcolor\u00bb css=\u00bb.vc_custom_1759348592677{padding-top: 60px !important;padding-right: 60px !important;padding-bottom: 60px !important;padding-left: 30px !important;background-image: url(https:\/\/indusvit.com\/fabrica-vidrios-templados-colombia\/wp-content\/uploads\/2025\/09\/indusvit-fabrica-de-vidrio-templado-bogota-cali-colombia-2.jpg?id=2187) !important;}\u00bb][vc_column width=\u00bb5\/6&#8243;][g5plus_heading title=\u00bbAYUDAMOS A HACER REALIDAD SUS PROYECTOS\u00bb sub_title=\u00bbEscribanos para recibir asesor\u00eda\u00bb][vc_wp_text]<\/p>\n<h3 style=\"text-align: center;\"><a href=\"https:\/\/web.whatsapp.com\/send?phone=573108820672&amp;text=Hola!%20%0D%0AQuiero%20conocer%20m%C3%A1s%20a%20cerca%20de%20Indusvit%0D%0Aestoy%20visitando%20la%20web%20en%20https%3A%2F%2Findusvit.com%2Ffabrica-vidrios-templados-colombia%2F%0D%0Ami%20nombre%20es\"><strong><img loading=\"lazy\" decoding=\"async\" class=\"wp-image-2191 alignnone\" src=\"https:\/\/indusvit.com\/fabrica-vidrios-templados-colombia\/wp-content\/uploads\/2025\/09\/WhatsApp_icon-300x300.png\" alt=\"\" width=\"37\" height=\"37\" srcset=\"https:\/\/indusvit.com\/fabrica-vidrios-templados-colombia\/wp-content\/uploads\/2025\/09\/WhatsApp_icon-300x300.png 300w, https:\/\/indusvit.com\/fabrica-vidrios-templados-colombia\/wp-content\/uploads\/2025\/09\/WhatsApp_icon-150x150.png 150w, https:\/\/indusvit.com\/fabrica-vidrios-templados-colombia\/wp-content\/uploads\/2025\/09\/WhatsApp_icon.png 662w\" sizes=\"auto, (max-width: 37px) 100vw, 37px\" \/>310 882 0672<\/strong><\/a><\/h3>\n<p>[\/vc_wp_text][\/vc_column][vc_column width=\u00bb1\/6&#8243;][\/vc_column][\/vc_row]<\/p>\n<div class='campos'>","protected":false},"excerpt":{"rendered":"<p>[vc_row content_placement=\u00bbmiddle\u00bb css=\u00bb.vc_custom_1639523650349{margin-top: 60px !important;margin-bottom: 60px !important;}\u00bb][vc_column][g5plus_heading title=\u00bbVidrio de Control Solar\u00bb align=\u00bbtext-left\u00bb css=\u00bb.vc_custom_1759352240986{padding-top: 10px !important;}\u00bb][vc_column_text el_class=\u00bbmg-bottom-30 sm-mg-bottom-30&#8243;]Es de gran utilidad en espacios donde se aprovecha la comodidad del calor\u00a0 pero es excesivo, se utiliza este tipo de vidrio sin sacrificar la iluminaci\u00f3n. Es importante, en climas c\u00e1lidos, contribuyen a reducir el consumo de energ\u00eda de [&hellip;]<\/p>\n","protected":false},"author":1,"featured_media":0,"parent":0,"menu_order":0,"comment_status":"closed","ping_status":"closed","template":"","meta":{"cybocfi_hide_featured_image":"","footnotes":""},"class_list":["post-2237","page","type-page","status-publish","hentry"],"_links":{"self":[{"href":"https:\/\/indusvit.com\/fabrica-vidrios-templados-colombia\/wp-json\/wp\/v2\/pages\/2237","targetHints":{"allow":["GET"]}}],"collection":[{"href":"https:\/\/indusvit.com\/fabrica-vidrios-templados-colombia\/wp-json\/wp\/v2\/pages"}],"about":[{"href":"https:\/\/indusvit.com\/fabrica-vidrios-templados-colombia\/wp-json\/wp\/v2\/types\/page"}],"author":[{"embeddable":true,"href":"https:\/\/indusvit.com\/fabrica-vidrios-templados-colombia\/wp-json\/wp\/v2\/users\/1"}],"replies":[{"embeddable":true,"href":"https:\/\/indusvit.com\/fabrica-vidrios-templados-colombia\/wp-json\/wp\/v2\/comments?post=2237"}],"version-history":[{"count":2,"href":"https:\/\/indusvit.com\/fabrica-vidrios-templados-colombia\/wp-json\/wp\/v2\/pages\/2237\/revisions"}],"predecessor-version":[{"id":2239,"href":"https:\/\/indusvit.com\/fabrica-vidrios-templados-colombia\/wp-json\/wp\/v2\/pages\/2237\/revisions\/2239"}],"wp:attachment":[{"href":"https:\/\/indusvit.com\/fabrica-vidrios-templados-colombia\/wp-json\/wp\/v2\/media?parent=2237"}],"curies":[{"name":"wp","href":"https:\/\/api.w.org\/{rel}","templated":true}]}}