{"id":2241,"date":"2025-10-01T21:10:30","date_gmt":"2025-10-01T21:10:30","guid":{"rendered":"https:\/\/indusvit.com\/fabrica-vidrios-templados-colombia\/?page_id=2241"},"modified":"2025-10-01T21:10:40","modified_gmt":"2025-10-01T21:10:40","slug":"bisagras-hidraulicas-speedy","status":"publish","type":"page","link":"https:\/\/indusvit.com\/fabrica-vidrios-templados-colombia\/bisagras-hidraulicas-speedy\/","title":{"rendered":"Bisagras Hidr\u00e1ulicas Speedy"},"content":{"rendered":"<p>[vc_row content_placement=\u00bbmiddle\u00bb css=\u00bb.vc_custom_1639523650349{margin-top: 60px !important;margin-bottom: 60px !important;}\u00bb][vc_column width=\u00bb2\/3&#8243;][g5plus_heading title=\u00bbBisagras Hidr\u00e1ulicas Speedy\u00bb align=\u00bbtext-left\u00bb css=\u00bb.vc_custom_1759352890177{padding-top: 10px !important;}\u00bb][vc_column_text el_class=\u00bbmg-bottom-30 sm-mg-bottom-30&#8243;]Importadores directos de la cierra puerta bisagra S<strong>peedy Casma M25 \/ M60 \/M68,<\/strong> son realizadas para vidrios de seguridad, las caracter\u00edsticas y especificaciones aqu\u00ed consignadas est\u00e1n directamente sustra\u00eddas de la garant\u00eda entregada por<strong> SPEEDYBYCASMA SRL \u2013 ITALIA<\/strong><\/p>\n<p>Reduce considerablemente el calor producido por el sol.<\/p>\n<table border=\"0\" width=\"100%\">\n<tbody>\n<tr>\n<td><\/td>\n<td><\/td>\n<td>M25<br \/>\nFuerza Roja<\/td>\n<td>M60<br \/>\nFuerza Roja<\/td>\n<td>M68<br \/>\nFuerza Roja<\/td>\n<\/tr>\n<tr>\n<td><\/td>\n<td>Ancho m\u00e1ximo puerta exterior<\/td>\n<td>100 cm<\/td>\n<td>100 cm<\/td>\n<td>85 cm<\/td>\n<\/tr>\n<tr>\n<td><\/td>\n<td>Ancho m\u00e1ximo puerta interior<\/td>\n<td>110 cm<\/td>\n<td>110 cm<\/td>\n<td>95 cm<\/td>\n<\/tr>\n<tr>\n<td><\/td>\n<td>Peso de la puerta sostenible<\/td>\n<td>120 Kg<\/td>\n<td>160 Kg<\/td>\n<td>100 Kg<\/td>\n<\/tr>\n<tr>\n<td><\/td>\n<td>Peso de la bisagra<\/td>\n<td>6.4 Kg<\/td>\n<td>5.1 Kg<\/td>\n<td>5.0 Kg<\/td>\n<\/tr>\n<tr>\n<td rowspan=\"3\">DIMENSIONES<\/td>\n<td>Largo<\/td>\n<td>28.3 cm<\/td>\n<td>26.7 cm<\/td>\n<td>28 cm<\/td>\n<\/tr>\n<tr>\n<td>Ancho<\/td>\n<td>13 cm<\/td>\n<td>9.6 cm<\/td>\n<td>11 cm<\/td>\n<\/tr>\n<tr>\n<td>Alto<\/td>\n<td>6.5 cm<\/td>\n<td>5.6 cm<\/td>\n<td>4.3 cm<\/td>\n<\/tr>\n<\/tbody>\n<\/table>\n<p>APLICACIONES:<br \/>\nGrandes superficies como: domos, techo y grandes ventanales.<\/p>\n<p>MEDIDAS:<br \/>\nM\u00ednimo 300 X 300<br \/>\nM\u00e1ximo 2400 X 3600mm<\/p>\n<p>PRESENTACIONES<br \/>\nCualquier m\u00f3dulo que se encuentre dentro de las medidas establecidas, con colores establecidos por el fabricante.<\/p>\n<p>[\/vc_column_text][\/vc_column][vc_column width=\u00bb1\/3&#8243;][vc_single_image image=\u00bb1517&#8243; img_size=\u00bbfull\u00bb][vc_single_image image=\u00bb1518&#8243; img_size=\u00bbfull\u00bb css=\u00bb.vc_custom_1759352969456{padding-top: 80px !important;}\u00bb][\/vc_column][\/vc_row][vc_row content_placement=\u00bbmiddle\u00bb css=\u00bb.vc_custom_1639523650349{margin-top: 60px !important;margin-bottom: 60px !important;}\u00bb][vc_column][vc_column_text el_class=\u00bbmg-bottom-30 sm-mg-bottom-30&#8243;]<\/p>\n<table border=\"0\" width=\"100%\">\n<tbody>\n<tr>\n<td colspan=\"2\" bgcolor=\"#082a48\">\n<h4 style=\"color: rgba(255,255,255,1);\">Este producto puedes encontrarlo en nuestra sede:<\/h4>\n<\/td>\n<\/tr>\n<tr>\n<td>\n<h3><strong>Puente Aranda<\/strong><\/h3>\n<p>Calle 14 N. 52-30<br \/>\nBogot\u00e1-Colombia<br \/>\n(+57) 601 805 1526<br \/>\n(+57) 601 805 1564<br \/>\n(+57) 316 823 2272<br \/>\n<a href=\"mailto:puentearanda@indusvit.com\">puentearanda@indusvit.com<\/a><\/td>\n<td>\n<h3><strong>Fontib\u00f3n<\/strong><\/h3>\n<p>Carrera 96b N. 17-16<br \/>\nBogot\u00e1 \u2013 Colombia<br \/>\nPBX (+57) 601 466 1455<br \/>\n(+57) 601 466 0071<br \/>\n(+57) 601 466 1748<br \/>\n(+57) 320 240 1215<br \/>\nfontibon@indusvit.com<\/td>\n<\/tr>\n<tr>\n<td>\n<h3><strong>Principal<\/strong><\/h3>\n<p><span class=\"address_wrapper\">Carrera 33 N. 17B-16<br \/>\nBogot\u00e1 \u2013 Colombia<\/span><br \/>\n(+57) 601 755 7368<br \/>\n(+57) 601 755 1987<br \/>\n(+57) 310 882 0672<br \/>\nprincipal@indusvit.com<\/td>\n<td>\n<h3 class=\"get_in_touch_wrapper\"><strong>Cali<\/strong><\/h3>\n<p>Carrera 4 n. 28-05<br \/>\nCali \u2013 Colombia<br \/>\n(+57) 602 4013512<br \/>\n(+57) 310 882 0668<br \/>\nindusvitcali@hotmail.com<\/td>\n<\/tr>\n<\/tbody>\n<\/table>\n<p>[\/vc_column_text][\/vc_column][\/vc_row][vc_row full_height=\u00bbyes\u00bb overlay_mode=\u00bbcolor\u00bb css=\u00bb.vc_custom_1759348592677{padding-top: 60px !important;padding-right: 60px !important;padding-bottom: 60px !important;padding-left: 30px !important;background-image: url(https:\/\/indusvit.com\/fabrica-vidrios-templados-colombia\/wp-content\/uploads\/2025\/09\/indusvit-fabrica-de-vidrio-templado-bogota-cali-colombia-2.jpg?id=2187) !important;}\u00bb][vc_column width=\u00bb5\/6&#8243;][g5plus_heading title=\u00bbAYUDAMOS A HACER REALIDAD SUS PROYECTOS\u00bb sub_title=\u00bbEscribanos para recibir asesor\u00eda\u00bb][vc_wp_text]<\/p>\n<h3 style=\"text-align: center;\"><a href=\"https:\/\/web.whatsapp.com\/send?phone=573108820672&amp;text=Hola!%20%0D%0AQuiero%20conocer%20m%C3%A1s%20a%20cerca%20de%20Indusvit%0D%0Aestoy%20visitando%20la%20web%20en%20https%3A%2F%2Findusvit.com%2Ffabrica-vidrios-templados-colombia%2F%0D%0Ami%20nombre%20es\"><strong><img loading=\"lazy\" decoding=\"async\" class=\"wp-image-2191 alignnone\" src=\"https:\/\/indusvit.com\/fabrica-vidrios-templados-colombia\/wp-content\/uploads\/2025\/09\/WhatsApp_icon-300x300.png\" alt=\"\" width=\"37\" height=\"37\" srcset=\"https:\/\/indusvit.com\/fabrica-vidrios-templados-colombia\/wp-content\/uploads\/2025\/09\/WhatsApp_icon-300x300.png 300w, https:\/\/indusvit.com\/fabrica-vidrios-templados-colombia\/wp-content\/uploads\/2025\/09\/WhatsApp_icon-150x150.png 150w, https:\/\/indusvit.com\/fabrica-vidrios-templados-colombia\/wp-content\/uploads\/2025\/09\/WhatsApp_icon.png 662w\" sizes=\"auto, (max-width: 37px) 100vw, 37px\" \/>310 882 0672<\/strong><\/a><\/h3>\n<p>[\/vc_wp_text][\/vc_column][vc_column width=\u00bb1\/6&#8243;][\/vc_column][\/vc_row]<\/p>\n<div class='campos'>","protected":false},"excerpt":{"rendered":"<p>[vc_row content_placement=\u00bbmiddle\u00bb css=\u00bb.vc_custom_1639523650349{margin-top: 60px !important;margin-bottom: 60px !important;}\u00bb][vc_column width=\u00bb2\/3&#8243;][g5plus_heading title=\u00bbBisagras Hidr\u00e1ulicas Speedy\u00bb align=\u00bbtext-left\u00bb css=\u00bb.vc_custom_1759352890177{padding-top: 10px !important;}\u00bb][vc_column_text el_class=\u00bbmg-bottom-30 sm-mg-bottom-30&#8243;]Importadores directos de la cierra puerta bisagra Speedy Casma M25 \/ M60 \/M68, son realizadas para vidrios de seguridad, las caracter\u00edsticas y especificaciones aqu\u00ed consignadas est\u00e1n directamente sustra\u00eddas de la garant\u00eda entregada por SPEEDYBYCASMA SRL \u2013 ITALIA Reduce considerablemente [&hellip;]<\/p>\n","protected":false},"author":1,"featured_media":0,"parent":0,"menu_order":0,"comment_status":"closed","ping_status":"closed","template":"","meta":{"cybocfi_hide_featured_image":"","footnotes":""},"class_list":["post-2241","page","type-page","status-publish","hentry"],"_links":{"self":[{"href":"https:\/\/indusvit.com\/fabrica-vidrios-templados-colombia\/wp-json\/wp\/v2\/pages\/2241","targetHints":{"allow":["GET"]}}],"collection":[{"href":"https:\/\/indusvit.com\/fabrica-vidrios-templados-colombia\/wp-json\/wp\/v2\/pages"}],"about":[{"href":"https:\/\/indusvit.com\/fabrica-vidrios-templados-colombia\/wp-json\/wp\/v2\/types\/page"}],"author":[{"embeddable":true,"href":"https:\/\/indusvit.com\/fabrica-vidrios-templados-colombia\/wp-json\/wp\/v2\/users\/1"}],"replies":[{"embeddable":true,"href":"https:\/\/indusvit.com\/fabrica-vidrios-templados-colombia\/wp-json\/wp\/v2\/comments?post=2241"}],"version-history":[{"count":2,"href":"https:\/\/indusvit.com\/fabrica-vidrios-templados-colombia\/wp-json\/wp\/v2\/pages\/2241\/revisions"}],"predecessor-version":[{"id":2243,"href":"https:\/\/indusvit.com\/fabrica-vidrios-templados-colombia\/wp-json\/wp\/v2\/pages\/2241\/revisions\/2243"}],"wp:attachment":[{"href":"https:\/\/indusvit.com\/fabrica-vidrios-templados-colombia\/wp-json\/wp\/v2\/media?parent=2241"}],"curies":[{"name":"wp","href":"https:\/\/api.w.org\/{rel}","templated":true}]}}