{"id":23,"date":"2016-05-19T06:57:34","date_gmt":"2016-05-19T06:57:34","guid":{"rendered":"http:\/\/themes.g5plus.net\/pithree\/?page_id=23"},"modified":"2025-10-01T15:59:26","modified_gmt":"2025-10-01T15:59:26","slug":"quienes-somos-indusvit","status":"publish","type":"page","link":"https:\/\/indusvit.com\/fabrica-vidrios-templados-colombia\/quienes-somos-indusvit\/","title":{"rendered":"Quienes Somos"},"content":{"rendered":"<p>[vc_row layout=\u00bbcontainer\u00bb equal_height=\u00bbyes\u00bb el_class=\u00bbmg-bottom-90 sm-mg-bottom-60&#8243;][vc_column width=\u00bb1\/2&#8243; el_class=\u00bbcol-lg-6 col-md-12&#8243;][g5plus_heading title=\u00bbACERCA DE NOSOTROS\u00bb align=\u00bbtext-left\u00bb css=\u00bb.vc_custom_1639381278035{padding-top: 10px !important;}\u00bb][vc_column_text el_class=\u00bbmg-bottom-30 sm-mg-bottom-30&#8243;]<\/p>\n<h3><\/h3>\n<h2>INFRAESTRUCTURA<\/h2>\n<p>Creada desde 1985, Indusvit S.A.S. cuenta con una s\u00f3lida infraestructura que le permite brindar sus servicios del modo m\u00e1s adecuado y \u00e1gil, cubriendo as\u00ed las necesidades que demanda cada cliente, adem\u00e1s de ser sin\u00f3nimo de desarrollo social y humano de nuestra compa\u00f1\u00eda.<\/p>\n<p>&nbsp;<\/p>\n<h2>POL\u00cdTICA AMBIENTAL<\/h2>\n<p>Indusvit S.A.S.\u00a0 se preocupa por controlar el uso de los recursos naturales y la calidad del ambiente, garantizar la sostenibilidad ambiental y la calidad de vida, acogidos bajo la ley, para la protecci\u00f3n del medio ambiente y el mejoramiento de sus condiciones.[\/vc_column_text][\/vc_column][vc_column width=\u00bb1\/2&#8243; el_class=\u00bbcol-lg-6 col-md-12&#8243;][vc_single_image image=\u00bb1736&#8243; img_size=\u00bbfull\u00bb alignment=\u00bbcenter\u00bb][\/vc_column][\/vc_row][vc_row layout=\u00bbcontainer\u00bb css=\u00bb.vc_custom_1639383029293{margin-top: 60px !important;margin-bottom: 60px !important;}\u00bb][vc_column width=\u00bb1\/2&#8243;][vc_single_image image=\u00bb1652&#8243; img_size=\u00bblarge\u00bb][\/vc_column][vc_column width=\u00bb1\/2&#8243;][vc_column_text el_class=\u00bbmg-bottom-30 sm-mg-bottom-30&#8243;]<\/p>\n<h3><strong>NUESTRA MISI\u00d3N<\/strong><\/h3>\n<p>Indusvit S.A.S. es una empresa manufacturera, comprometida con ofrecer soluciones en vidrio templado y laminado, para los sectores de la construcci\u00f3n, dise\u00f1o y acabados arquitect\u00f3nicos. Brindando innovaci\u00f3n, excelente servicio y tiempos de entrega, siempre a la vanguardia de los avances tecnol\u00f3gicos que aseguran el crecimiento de la empresa, colaboradores y clientes. Gracias a nuestros socios, puedes encontrar en l\u00ednea modelos que se adaptan a cada preferencia y presupuesto, desde modelos econ\u00f3micos hasta modelos s\u00faper elegantes de alta gama.<\/p>\n<h3><strong>NUESTRA VISI\u00d3N<\/strong><\/h3>\n<p>Para el 2025 Consolidar una empresa reconocida en el mercado del vidrio de seguridad por su calidad, tiempo de entrega y servicio, generando en sus colaboradores un compromiso por el prop\u00f3sito de la compa\u00f1\u00eda de ser; proveedor m\u00e1s confiable. La empresa m\u00e1s innovadora en sus procesos. Un lugar excelente para trabajar, donde nuestros colaboradores hacen la diferencia todos los d\u00edas.[\/vc_column_text][\/vc_column][\/vc_row][vc_row layout=\u00bbcontainer\u00bb css=\u00bb.vc_custom_1639383029293{margin-top: 60px !important;margin-bottom: 60px !important;}\u00bb][vc_column width=\u00bb1\/2&#8243;][vc_separator][vc_empty_space height=\u00bb80px\u00bb][vc_column_text el_class=\u00bbmg-bottom-30 sm-mg-bottom-30&#8243;]<\/p>\n<h2><strong>NUESTRA POL\u00cdTICA DE CALIDAD<\/strong><\/h2>\n<p>INDUSVIT S.A.S. est\u00e1 enfocada en satisfacer las expectativas y necesidades de todos nuestros clientes, garantizando la competencia de nuestros colaboradores en cada uno de sus procesos de gesti\u00f3n durante la transformaci\u00f3n y comercializaci\u00f3n de vidrios de seguridad.<br \/>\nTodos comprometidos hacia la mejora continua y el cumplimiento de los requisitos aplicables en nuestro producto buscamos garantizar sus est\u00e1ndares de calidad y la responsabilidad con todas las partes interesadas.[\/vc_column_text][\/vc_column][vc_column width=\u00bb1\/2&#8243;][vc_single_image image=\u00bb1655&#8243; img_size=\u00bblarge\u00bb][\/vc_column][\/vc_row][vc_row overlay_mode=\u00bbcolor\u00bb overlay_color=\u00bbrgba(51,66,81,0.85)\u00bb el_class=\u00bbpd-top-90 pd-bottom-90&#8243; css=\u00bb.vc_custom_1639384659942{background-image: url(https:\/\/indusvit.com\/fabrica-vidrios-templados-colombia\/wp-content\/uploads\/2021\/12\/fabrica-vidrios-templados-colombia-4.jpg?id=1241) !important;background-position: center !important;background-repeat: no-repeat !important;background-size: cover !important;}\u00bb][vc_column][vc_row_inner layout=\u00bbcontainer\u00bb][vc_column_inner width=\u00bb1\/12&#8243;][vc_empty_space height=\u00bb1px\u00bb][\/vc_column_inner][vc_column_inner width=\u00bb5\/6&#8243; offset=\u00bbvc_col-lg-10&#8243;][g5plus_heading title=\u00bbValores Indusvit\u00bb color_schema=\u00bblight\u00bb el_class=\u00bbmg-bottom-20&#8243;][vc_column_text]<\/p>\n<ul style=\"color: rgba(255,255,255,1);\">\n<li style=\"color: #ffffff;\"><strong>INNOVACI\u00d3N:<\/strong> Aportamos ideas para una mejora continua.<\/li>\n<li><strong>NOBLEZA:<\/strong> Somos fieles a nuestra empresa, buscando su crecimiento y desarrollo.<\/li>\n<li><strong>DISCIPLINA:<\/strong> Cumplimos con la calidad del producto.<\/li>\n<li><strong>UNIDAD:<\/strong> Trabajamos unidos por alcanzar las metas propuestas por nuestros l\u00edderes.<\/li>\n<li><strong>SERVICIO:<\/strong> Siempre atentos a dar lo mejor cuando otro lo necesita.<\/li>\n<li><strong>VOLUNTAD:<\/strong> Siempre dispuestos a desarrollar las funciones con la mejor disposici\u00f3n.<\/li>\n<li><strong>INTEGRIDAD:<\/strong> Contamos con un comportamiento \u00e9tico, siendo honestos con la empresa y el producto.<\/li>\n<li><strong>TOLERANCIA:<\/strong> Respetamos la dignidad del ser humano, sus creencias, escuchamos con atenci\u00f3n y valoramos sus aportes.<\/li>\n<\/ul>\n<p>[\/vc_column_text][\/vc_column_inner][vc_column_inner width=\u00bb1\/12&#8243;][vc_empty_space height=\u00bb1px\u00bb][\/vc_column_inner][\/vc_row_inner][\/vc_column][\/vc_row][vc_row layout=\u00bbcontainer\u00bb css=\u00bb.vc_custom_1639383029293{margin-top: 60px !important;margin-bottom: 60px !important;}\u00bb][vc_column][g5plus_heading title=\u00bbNUESTRA FAMILIA\u00bb css=\u00bb.vc_custom_1640734201274{padding-top: 10px !important;}\u00bb][vc_column_text el_class=\u00bbmg-bottom-30 sm-mg-bottom-30&#8243;]<\/p>\n<p style=\"text-align: center;\">Internamente Indusvit se caracteriza por tener un v\u00ednculo familiar con sus colaboradores, garantizando as\u00ed que se sientan parte de todas nuestras actividades.<\/p>\n<p>[\/vc_column_text][vc_gallery type=\u00bbimage_grid\u00bb images=\u00bb1660,1661,1662,1663,1664,1665,1666,1668,1669,1670,1671,1672,1673&#8243;][\/vc_column][\/vc_row][vc_row layout=\u00bbcontainer\u00bb css=\u00bb.vc_custom_1640734334662{margin-top: 60px !important;}\u00bb][vc_column][g5plus_heading title=\u00bbNUESTRO EQUIPO\u00bb css=\u00bb.vc_custom_1640734407108{padding-top: 10px !important;}\u00bb][g5plus_our_team_ctn columns=\u00bb4&#8243; autoplaytimeout=\u00bb5000&#8243;][g5plus_our_team_item avatar=\u00bb1851&#8243; author_info=\u00bbadriana.c@indusvit.com\u00bb social_icons=\u00bb%5B%7B%22icon_type%22%3A%22icon%22%2C%22icon_font%22%3A%22flaticon-34%22%7D%5D\u00bb author=\u00bbADRIANA CASTRO PULIDO\u00bb author_job=\u00bbAdministraci\u00f3n\u00bb][g5plus_our_team_item avatar=\u00bb2082&#8243; author_info=\u00bbandrea.c@indusvit.com<br \/>\nservicioalcliente@indusvit.com\u00bb social_icons=\u00bb%5B%7B%22icon_type%22%3A%22icon%22%2C%22icon_font%22%3A%22flaticon-34%22%7D%5D\u00bb author=\u00bbANDREA CASTRO PULIDO\u00bb author_job=\u00bbHseq &#8211; Seguridad Y Salud En El Trabajo \/ Medio Ambiente \/ Calidad\u00bb][g5plus_our_team_item avatar=\u00bb1947&#8243; author_info=\u00bbmarcoandres@indusvit.com\u00bb social_icons=\u00bb%5B%7B%22icon_type%22%3A%22icon%22%2C%22icon_font%22%3A%22flaticon-34%22%7D%5D\u00bb author=\u00bbMARCO ANDR\u00c9S CASTRO\u00bb author_job=\u00bbProducci\u00f3n\u00bb][g5plus_our_team_item avatar=\u00bb1855&#8243; author_info=\u00bbnora.gil@indusvit.com\u00bb social_icons=\u00bb%5B%7B%22icon_type%22%3A%22icon%22%2C%22icon_font%22%3A%22flaticon-34%22%7D%5D\u00bb author=\u00bbNORA GIL\u00bb author_job=\u00bbContabilidad\u00bb][g5plus_our_team_item avatar=\u00bb1856&#8243; author_info=\u00bbfontibon@indusvit.com\u00bb social_icons=\u00bb%5B%7B%22icon_type%22%3A%22icon%22%2C%22icon_font%22%3A%22flaticon-34%22%7D%5D\u00bb author=\u00bbLIZ PIEDAD AMAYA\u00bb author_job=\u00bbAsesora Comercial Fontib\u00f3n\u00bb][g5plus_our_team_item avatar=\u00bb1858&#8243; author_info=\u00bbpuentearanda@indusvit.com\u00bb social_icons=\u00bb%5B%7B%22icon_type%22%3A%22icon%22%2C%22icon_font%22%3A%22flaticon-34%22%7D%5D\u00bb author_job=\u00bbAsesor Comercial Puente Aranda\u00bb][g5plus_our_team_item avatar=\u00bb1857&#8243; author_info=\u00bbprincipal@indusvit.com\u00bb social_icons=\u00bb%5B%7B%22icon_type%22%3A%22icon%22%2C%22icon_font%22%3A%22flaticon-34%22%7D%5D\u00bb author_job=\u00bbAsesor Comercial Sede Principal\u00bb][\/g5plus_our_team_ctn][\/vc_column][\/vc_row]<\/p>\n<div class='campos'>","protected":false},"excerpt":{"rendered":"<p>[vc_row layout=\u00bbcontainer\u00bb equal_height=\u00bbyes\u00bb el_class=\u00bbmg-bottom-90 sm-mg-bottom-60&#8243;][vc_column width=\u00bb1\/2&#8243; el_class=\u00bbcol-lg-6 col-md-12&#8243;][g5plus_heading title=\u00bbACERCA DE NOSOTROS\u00bb align=\u00bbtext-left\u00bb css=\u00bb.vc_custom_1639381278035{padding-top: 10px !important;}\u00bb][vc_column_text el_class=\u00bbmg-bottom-30 sm-mg-bottom-30&#8243;] INFRAESTRUCTURA Creada desde 1985, Indusvit S.A.S. cuenta con una s\u00f3lida infraestructura que le permite brindar sus servicios del modo m\u00e1s adecuado y \u00e1gil, cubriendo as\u00ed las necesidades que demanda cada cliente, adem\u00e1s de ser sin\u00f3nimo de desarrollo social [&hellip;]<\/p>\n","protected":false},"author":1,"featured_media":0,"parent":0,"menu_order":0,"comment_status":"closed","ping_status":"closed","template":"","meta":{"cybocfi_hide_featured_image":"","footnotes":""},"class_list":["post-23","page","type-page","status-publish","hentry"],"_links":{"self":[{"href":"https:\/\/indusvit.com\/fabrica-vidrios-templados-colombia\/wp-json\/wp\/v2\/pages\/23","targetHints":{"allow":["GET"]}}],"collection":[{"href":"https:\/\/indusvit.com\/fabrica-vidrios-templados-colombia\/wp-json\/wp\/v2\/pages"}],"about":[{"href":"https:\/\/indusvit.com\/fabrica-vidrios-templados-colombia\/wp-json\/wp\/v2\/types\/page"}],"author":[{"embeddable":true,"href":"https:\/\/indusvit.com\/fabrica-vidrios-templados-colombia\/wp-json\/wp\/v2\/users\/1"}],"replies":[{"embeddable":true,"href":"https:\/\/indusvit.com\/fabrica-vidrios-templados-colombia\/wp-json\/wp\/v2\/comments?post=23"}],"version-history":[{"count":88,"href":"https:\/\/indusvit.com\/fabrica-vidrios-templados-colombia\/wp-json\/wp\/v2\/pages\/23\/revisions"}],"predecessor-version":[{"id":2197,"href":"https:\/\/indusvit.com\/fabrica-vidrios-templados-colombia\/wp-json\/wp\/v2\/pages\/23\/revisions\/2197"}],"wp:attachment":[{"href":"https:\/\/indusvit.com\/fabrica-vidrios-templados-colombia\/wp-json\/wp\/v2\/media?parent=23"}],"curies":[{"name":"wp","href":"https:\/\/api.w.org\/{rel}","templated":true}]}}