{"id":671,"date":"2021-12-11T02:59:49","date_gmt":"2021-12-11T02:59:49","guid":{"rendered":"http:\/\/themes.g5plus.net\/pithree\/?page_id=671"},"modified":"2025-09-30T23:03:51","modified_gmt":"2025-09-30T23:03:51","slug":"inicio-indusvit","status":"publish","type":"page","link":"https:\/\/indusvit.com\/fabrica-vidrios-templados-colombia\/","title":{"rendered":"Indusvit"},"content":{"rendered":"<p>[vc_row][vc_column][rev_slider_vc alias=\u00bbindusvit-ltda-1&#8243;][\/vc_column][\/vc_row][vc_row layout=\u00bbcontainer-fluid\u00bb equal_height=\u00bbyes\u00bb content_placement=\u00bbmiddle\u00bb overlay_mode=\u00bbcolor\u00bb overlay_color=\u00bb#002843&#8243; css=\u00bb.vc_custom_1639430865792{padding-top: 30px !important;padding-bottom: 30px !important;background-color: #eeeeee !important;}\u00bb][vc_column][g5plus_heading title=\u00bbViviendo La Transparencia Desde 1985&#8243; has_underline=\u00bb\u00bb color_schema=\u00bblight\u00bb css=\u00bb.vc_custom_1642628366225{padding-top: 5px !important;padding-right: 10px !important;padding-bottom: 5px !important;padding-left: 10px !important;}\u00bb][\/vc_column][\/vc_row][vc_row css=\u00bb.vc_custom_1464420126729{padding-top: 70px !important;padding-bottom: 70px !important;background-color: #eeeeee !important;background-position: center !important;background-repeat: no-repeat !important;background-size: cover !important;}\u00bb el_class=\u00bbmg-bottom-70&#8243;][vc_column][g5plus_heading title=\u00bbPRODUCTOS\u00bb][vc_row_inner layout=\u00bbcontainer\u00bb][vc_column_inner el_class=\u00bbsm-mg-bottom-30&#8243; width=\u00bb1\/3&#8243;][g5plus_feature_box title=\u00bbVIDRIO TEMPLADO\u00bb description=\u00bbSeguridad y dise\u00f1o en cada proyecto. Aporta resistencia, elegancia y m\u00e1xima seguridad a tus espacios con vidrio templado, hasta 5 veces m\u00e1s fuerte que el convencional. Ideal para fachadas, puertas, divisiones y vitrinas con alto nivel est\u00e9tico y durabilidad. &#8211; Medidas y acabados personalizados. &#8211; Perfecto para interiores y exteriores.\u00bb link=\u00bburl:https%3A%2F%2Findusvit.com%2Ffabrica-vidrios-templados-colombia%2Fservices%2Fvidrio-templado-plano%2F|title:Ver%20m%C3%A1s\u00bb color_scheme=\u00bb\u00bb feature_image=\u00bb2173&#8243;][\/vc_column_inner][vc_column_inner el_class=\u00bbsm-mg-bottom-30&#8243; width=\u00bb1\/3&#8243; css=\u00bb.vc_custom_1639354772792{margin-bottom: 60px !important;}\u00bb][g5plus_feature_box title=\u00bbVIDRIO LAMINADO\u00bb description=\u00bbSeguridad y confort sin renunciar al estilo. Combina protecci\u00f3n, aislamiento y dise\u00f1o con nuestro vidrio laminado, compuesto por capas unidas que evitan fragmentaciones ante impactos. Su proceso de laminado logra que, en caso de rotura, la capa de polivinil retenga el vidrio, evitando grietas y reduciendo el riesgo de accidentes graves. Perfecto para fachadas, ventanales, barandas y espacios que requieren m\u00e1xima seguridad sin perder transparencia ni elegancia. &#8211; Alta resistencia y control ac\u00fastico. &#8211; Mayor protecci\u00f3n ante roturas e impactos\u00bb link=\u00bburl:https%3A%2F%2Findusvit.com%2Ffabrica-vidrios-templados-colombia%2Fservices%2Fvidrio-laminado%2F|title:Ver%20m%C3%A1s\u00bb color_scheme=\u00bb\u00bb feature_image=\u00bb2169&#8243;][\/vc_column_inner][vc_column_inner width=\u00bb1\/3&#8243;][g5plus_feature_box title=\u00bbVIDRIO TEMPLADO LAMINADO\u00bb description=\u00bbM\u00e1xima resistencia y seguridad. Este material combina todas las propiedades de los procesos de templado y laminado, generando as\u00ed una resistencia mayor ideal para proyectos que requieren el m\u00e1s alto nivel de protecci\u00f3n. Adem\u00e1s de su gran durabilidad ante impactos, su estructura laminada mantiene el vidrio unido en caso de rotura, evitando accidentes y aumentando la seguridad en espacios exigentes como fachadas, barandas, techos o ventanales de gran formato. &#8211; Mayor resistencia estructural. &#8211; Seguridad superior y larga vida \u00fatil\u00bb link=\u00bburl:https%3A%2F%2Findusvit.com|title:Ver%20m%C3%A1s\u00bb color_scheme=\u00bb\u00bb feature_image=\u00bb2168&#8243;][\/vc_column_inner][\/vc_row_inner][vc_row_inner layout=\u00bbcontainer\u00bb][vc_column_inner el_class=\u00bbsm-mg-bottom-30&#8243; width=\u00bb1\/3&#8243;][g5plus_feature_box title=\u00bbVIDRIO MULTILAMINADO\u00bb description=\u00bbM\u00e1xima protecci\u00f3n y rendimiento. Elaborado con m\u00e1s de dos l\u00e1minas de vidrio plano, unidas entre s\u00ed por una capa de polivinil, este material disminuye el paso de los rayos UV y aumenta considerablemente su rigidez, ofreciendo un nivel superior de seguridad y durabilidad. Ideal para fachadas, techos, pisos de vidrio y estructuras arquitect\u00f3nicas que requieren resistencia extrema sin perder transparencia ni est\u00e9tica. &#8211; Alta resistencia estructural. &#8211; Protecci\u00f3n UV y mayor seguridad\u00bb link=\u00bburl:https%3A%2F%2Findusvit.com%2Ffabrica-vidrios-templados-colombia%2Fservices%2Fvidrio-multilaminado%2F|title:Ver%20m%C3%A1s\u00bb color_scheme=\u00bb\u00bb feature_image=\u00bb2170&#8243;][\/vc_column_inner][vc_column_inner el_class=\u00bbsm-mg-bottom-30&#8243; width=\u00bb1\/3&#8243;][g5plus_feature_box title=\u00bbVIDRIO TEMPLADO CURVO\u00bb description=\u00bbElegancia y resistencia en formas \u00fanicas. Ideal para proyectos arquitect\u00f3nicos innovadores, el vidrio templado curvo ofrece seguridad, est\u00e9tica y alto desempe\u00f1o. Tenemos la posibilidad de realizar vidrios curvos sin pinzatura con radios uniformes, adapt\u00e1ndose a dise\u00f1os exigentes y modernos. Se somete a un proceso de calentamiento uniforme seguido de un enfriamiento brusco con aire a presi\u00f3n, lo que garantiza una mayor resistencia y durabilidad sin comprometer la transparencia ni el dise\u00f1o. &#8211; Adaptable a proyectos personalizados. &#8211; Resistencia superior y acabado est\u00e9tico.\u00bb link=\u00bburl:https%3A%2F%2Findusvit.com%2Ffabrica-vidrios-templados-colombia%2Fservices%2Fvidrio-templado-curvo%2F|title:Ver%20m%C3%A1s\u00bb color_scheme=\u00bb\u00bb feature_image=\u00bb2172&#8243;][\/vc_column_inner][vc_column_inner width=\u00bb1\/3&#8243;][g5plus_feature_box title=\u00bbVIDRIOS ESPECIALES\u00bb description=\u00bbInnovaci\u00f3n, confort y dise\u00f1o a tu medida. Vidrio de Control Solar, Llovizna, Antirreflectivo y Bienestar. Crea ambientes innovadores con estilo, aportando un toque de privacidad y manteniendo una temperatura adecuada en cada espacio. Estos vidrios combinan funcionalidad y est\u00e9tica para transformar fachadas, interiores y proyectos arquitect\u00f3nicos con soluciones personalizadas y de alto rendimiento. &#8211; Confort t\u00e9rmico y visual. &#8211; Dise\u00f1o vers\u00e1til con mayor privacidad.\u00bb link=\u00bburl:https%3A%2F%2Findusvit.com%2Ffabrica-vidrios-templados-colombia%2Fservices%2Fvidrio-templado-curvo-2%2F|title:Ver%20m%C3%A1s\u00bb color_scheme=\u00bb\u00bb feature_image=\u00bb2171&#8243;][\/vc_column_inner][\/vc_row_inner][\/vc_column][\/vc_row][vc_row layout=\u00bbcontainer-fluid\u00bb content_placement=\u00bbmiddle\u00bb parallax=\u00bbcontent-moving-fade\u00bb parallax_image=\u00bb2187&#8243; overlay_mode=\u00bbcolor\u00bb css=\u00bb.vc_custom_1759272199160{padding-top: 60px !important;padding-right: 60px !important;padding-bottom: 60px !important;padding-left: 30px !important;background-image: url(https:\/\/indusvit.com\/fabrica-vidrios-templados-colombia\/wp-content\/uploads\/2025\/09\/indusvit-fabrica-de-vidrio-templado-bogota-cali-colombia.jpg?id=2178) !important;}\u00bb][vc_column width=\u00bb2\/3&#8243; el_class=\u00bbcol-md-3 col-sm-6 sm-mg-bottom-50&#8243;][g5plus_heading title=\u00bbAYUDAMOS A HACER REALIDAD SUS PROYECTOS\u00bb sub_title=\u00bbEscribanos para recibir asesor\u00eda\u00bb][vc_wp_text]<\/p>\n<h3 style=\"text-align: center;\"><a href=\"https:\/\/web.whatsapp.com\/send?phone=573108820672&amp;text=Hola!%20%0D%0AQuiero%20conocer%20m%C3%A1s%20a%20cerca%20de%20Indusvit%0D%0Aestoy%20visitando%20la%20web%20en%20https%3A%2F%2Findusvit.com%2Ffabrica-vidrios-templados-colombia%2F%0D%0Ami%20nombre%20es\"><strong><img loading=\"lazy\" decoding=\"async\" class=\"wp-image-2191 alignnone\" src=\"https:\/\/indusvit.com\/fabrica-vidrios-templados-colombia\/wp-content\/uploads\/2025\/09\/WhatsApp_icon-300x300.png\" alt=\"\" width=\"37\" height=\"37\" srcset=\"https:\/\/indusvit.com\/fabrica-vidrios-templados-colombia\/wp-content\/uploads\/2025\/09\/WhatsApp_icon-300x300.png 300w, https:\/\/indusvit.com\/fabrica-vidrios-templados-colombia\/wp-content\/uploads\/2025\/09\/WhatsApp_icon-150x150.png 150w, https:\/\/indusvit.com\/fabrica-vidrios-templados-colombia\/wp-content\/uploads\/2025\/09\/WhatsApp_icon.png 662w\" sizes=\"auto, (max-width: 37px) 100vw, 37px\" \/>310 882 0672<\/strong><\/a><\/h3>\n<p>[\/vc_wp_text][\/vc_column][vc_column width=\u00bb1\/3&#8243; el_class=\u00bbcol-md-3 col-sm-6 sm-mg-bottom-50&#8243;][\/vc_column][\/vc_row][vc_row layout=\u00bbcontainer-fluid\u00bb css=\u00bb.vc_custom_1640726774817{padding-top: 50px !important;padding-bottom: 50px !important;background-color: #f4f4f4 !important;background-position: center !important;background-repeat: no-repeat !important;background-size: cover !important;}\u00bb][vc_column][g5plus_heading title=\u00bbCalidad, Servicio Y Trayectoria Que Nos Diferencian\u00bb has_underline=\u00bb\u00bb css=\u00bb.vc_custom_1759272819183{padding-top: 80px !important;padding-bottom: 30px !important;}\u00bb][vc_column_text css=\u00bb.vc_custom_1759272840517{margin-top: 10px !important;margin-right: 60px !important;margin-bottom: 60px !important;margin-left: 60px !important;}\u00bb]<\/p>\n<p style=\"text-align: center;\">En <strong>INDUSVIT SAS<\/strong> trabajamos con un compromiso constante de excelencia, innovaci\u00f3n y satisfacci\u00f3n del cliente en cada etapa de nuestros procesos. Nuestra amplia trayectoria en la fabricaci\u00f3n y transformaci\u00f3n de vidrio arquitect\u00f3nico nos permite ofrecer soluciones personalizadas y de alta calidad, adaptadas a las necesidades de cada proyecto.<br \/>\nCada producto y servicio que desarrollamos integra un enfoque creativo, eficiente y orientado a resultados, garantizando que superemos las expectativas de nuestros clientes internos y externos. En INDUSVIT SAS, la calidad, el servicio y la experiencia no son solo valores: son la base de cada proyecto que hacemos realidad.<\/p>\n<p>[\/vc_column_text][g5plus_our_team_ctn columns=\u00bb4&#8243; autoplaytimeout=\u00bb5000&#8243;][g5plus_our_team_item avatar=\u00bb1309&#8243;][g5plus_our_team_item avatar=\u00bb1306&#8243;][g5plus_our_team_item avatar=\u00bb1307&#8243;][g5plus_our_team_item avatar=\u00bb1308&#8243;][\/g5plus_our_team_ctn][\/vc_column][\/vc_row][vc_row layout=\u00bbcontainer-fluid\u00bb overlay_mode=\u00bbcolor\u00bb css=\u00bb.vc_custom_1759249520943{padding-top: 50px !important;padding-bottom: 70px !important;background-color: #f4f4f4 !important;background-position: center !important;background-repeat: no-repeat !important;background-size: cover !important;}\u00bb][vc_column css=\u00bb.vc_custom_1640823778336{margin-bottom: -20px !important;}\u00bb][g5plus_heading title=\u00bbNUESTRAS PLANTAS\u00bb css=\u00bb.vc_custom_1759249183635{padding-top: 30px !important;}\u00bb][\/vc_column][\/vc_row][vc_row layout=\u00bbcontainer-fluid\u00bb full_height=\u00bbyes\u00bb overlay_mode=\u00bbcolor\u00bb overlay_color=\u00bb#f4f4f4&#8243; css=\u00bb.vc_custom_1759249384467{padding-right: 60px !important;padding-bottom: 100px !important;padding-left: 30px !important;background-color: #f4f4f4 !important;}\u00bb][vc_column width=\u00bb1\/4&#8243; el_class=\u00bbcol-md-3 col-sm-6&#8243;][vc_single_image image=\u00bb1638&#8243; img_size=\u00bblarge\u00bb css_animation=\u00bbbounceInLeft\u00bb][vc_column_text css=\u00bb.vc_custom_1759248919437{padding-top: 20px !important;padding-right: 20px !important;padding-bottom: 20px !important;padding-left: 20px !important;background-color: #27456d !important;border-radius: 5px !important;}\u00bb]<\/p>\n<p style=\"text-align: center; color: #fff;\"><strong>SEDE PRINCIPAL<br \/>\nBOGOT\u00c1<\/strong><\/p>\n<p style=\"text-align: center; color: #fff;\">Carrera 33 # 17 B &#8211; 16<br \/>\nBogot\u00e1 \u2013 Colombia<br \/>\n(+57) 601 755 7368<br \/>\n(+57) 601 755 1987<br \/>\n(+57) 310 882 0672<br \/>\nprincipal@indusvit.com<\/p>\n<p>[\/vc_column_text][\/vc_column][vc_column width=\u00bb1\/4&#8243; el_class=\u00bbcol-md-3 col-sm-6 sm-mg-bottom-50&#8243;][vc_single_image image=\u00bb1636&#8243; img_size=\u00bblarge\u00bb css_animation=\u00bbbounceInLeft\u00bb][vc_column_text css=\u00bb.vc_custom_1759248978742{padding-top: 20px !important;padding-right: 20px !important;padding-bottom: 20px !important;padding-left: 20px !important;background-color: #27456d !important;border-radius: 5px !important;}\u00bb]<\/p>\n<p style=\"text-align: center; color: #fff;\"><strong>SEDE FONTIB\u00d3N<br \/>\nBOGOT\u00c1<\/strong><\/p>\n<p style=\"text-align: center; color: #fff;\">Carrera 96 B # 17-16<br \/>\nBogot\u00e1 \u2013 Colombia<br \/>\nPBX (+57) 601 466 1455<br \/>\n(+57) 601 466 0071<br \/>\n(+57) 601 466 1748<br \/>\n(+57) 320 240 1215<br \/>\nfontibon@indusvit.com<\/p>\n<p>[\/vc_column_text][\/vc_column][vc_column width=\u00bb1\/4&#8243; el_class=\u00bbcol-md-3 col-sm-6 sm-mg-bottom-50&#8243;][vc_single_image image=\u00bb1640&#8243; img_size=\u00bbfull\u00bb css_animation=\u00bbbounceInLeft\u00bb][vc_column_text css=\u00bb.vc_custom_1759248989274{padding-top: 20px !important;padding-right: 20px !important;padding-bottom: 20px !important;padding-left: 20px !important;background-color: #27456d !important;border-radius: 5px !important;}\u00bb]<\/p>\n<p style=\"text-align: center; color: #fff;\"><strong>SEDE\u00a0PUENTE ARANDA<br \/>\nBOGOT\u00c1<\/strong><\/p>\n<p style=\"text-align: center; color: #fff;\">Calle 14 # 52-30<br \/>\nBogot\u00e1-Colombia<br \/>\n(+57) 601 805 1526<br \/>\n(+57) 601 805 1564<br \/>\n(+57) 316 823 2272<br \/>\npuentearanda@indusvit.com<\/p>\n<p>[\/vc_column_text][\/vc_column][vc_column width=\u00bb1\/4&#8243;][vc_single_image image=\u00bb1632&#8243; img_size=\u00bbfull\u00bb css_animation=\u00bbbounceInLeft\u00bb][vc_column_text css=\u00bb.vc_custom_1759249716311{padding-top: 20px !important;padding-right: 20px !important;padding-bottom: 20px !important;padding-left: 20px !important;background-color: #27456d !important;border-radius: 5px !important;}\u00bb]<\/p>\n<p style=\"text-align: center; color: #fff;\"><strong>SEDE<br \/>\nCALI<\/strong><\/p>\n<p style=\"text-align: center; color: #fff;\">Carrera 4 # 28-05<br \/>\nCali \u2013 Colombia<br \/>\n(+57) 602 4013512<br \/>\n(+57) 310 882 0668<br \/>\nindusvitcali@hotmail.com<\/p>\n<p>[\/vc_column_text][\/vc_column][\/vc_row][vc_row overlay_mode=\u00bbcolor\u00bb overlay_color=\u00bbrgba(34,43,57,0.9)\u00bb css=\u00bb.vc_custom_1640823669452{margin-top: 0px !important;margin-bottom: 0px !important;border-top-width: 0px !important;border-bottom-width: 0px !important;padding-top: 0px !important;padding-bottom: 50px !important;background-image: url(https:\/\/indusvit.com\/fabrica-vidrios-templados-colombia\/wp-content\/uploads\/2021\/12\/fabrica-vidrio-templado-bogota-colombia-2.jpg?id=1235) !important;background-position: center !important;background-repeat: no-repeat !important;background-size: cover !important;}\u00bb el_class=\u00bbmg-bottom-70&#8243;][vc_column][vc_row_inner layout=\u00bbcontainer\u00bb][vc_column_inner css=\u00bb.vc_custom_1640823701142{padding-top: 50px !important;}\u00bb][g5plus_heading title=\u00bbLO DICEN NUESTROS CLIENTES\u00bb has_underline=\u00bb\u00bb color_schema=\u00bblight\u00bb][g5plus_testimonials values=\u00bb%5B%7B%22quote%22%3A%22Es%20muy%20gratificante%20trabajar%20con%20una%20empresa%20de%20gran%20respaldo%20como%20lo%20son%20ellos%2C%20ya%20que%20est%C3%A1%20realiza%20trabajos%20de%20calidad%20en%20tiempos%20cortos%2C%20indiscutiblemente%20maneja%20precios%20excelentes%2C%20sus%20productos%20tienen%20altos%20est%C3%A1ndares%20de%20calidad%20permiti%C3%A9ndonos%20brindar%20a%20nuestros%20clientes%20satisfacci%C3%B3n%2C%20la%20puntualidad%20es%20algo%20que%20les%20representa%20y%20la%20calidad%20del%20servicio%20al%20cliente.%22%2C%22avatar%22%3A%221288%22%2C%22author%22%3A%22Michael%20Ahumada%22%7D%2C%7B%22quote%22%3A%22Desde%20hace%20m%C3%A1s%20de%20una%20d%C3%A9cada%20hemos%20venido%20trabajando%20con%20la%20empresa%20Indusvit%20Ltda.%20Durante%20todo%20este%20tiempo%20hemos%20contado%20con%20un%20producto%20de%20primera%20calidad%2C%20un%20servicio%20al%20cliente%20excelente%20y%20los%20mejores%20tiempos%20de%20entrega%20que%20se%20ofrecen%20en%20el%20mercado.%20Sin%20su%20eficiente%20trabajo%2C%20nos%20hubiera%20sido%20muy%20dif%C3%ADcil%20cumplir%20con%20nuestros%20est%C3%A1ndares%20de%20calidad%2C%20por%20eso%20estamos%20muy%20satisfechos%20de%20contar%20con%20ellos%20como%20aliados%20estrat%C3%A9gicos%20en%20nuestra%20operaci%C3%B3n.%22%2C%22avatar%22%3A%221291%22%2C%22author%22%3A%22BioSafe%22%7D%2C%7B%22quote%22%3A%22Con%20INDUSVIT%20hemos%20encontrado%20la%20calidad%20y%20respaldo%20para%20realizar%20cada%20uno%20de%20nuestros%20proyectos%2C%20nuestra%20imagen%20la%20podemos%20confiar%20en%20su%20trabajo.%22%2C%22avatar%22%3A%221293%22%2C%22author%22%3A%22IDESA%22%7D%2C%7B%22quote%22%3A%22Por%20calidad%20y%20cumplimiento%3B%20en%20mi%20trayectoria%20en%20el%20mercado%20por%20m%C3%A1s%20de%2018%20a%C3%B1os%20siempre%20me%20han%20acompa%C3%B1ado%20y%20respaldado.%22%2C%22avatar%22%3A%221294%22%2C%22author%22%3A%22Jaime%20Villarraga%22%7D%5D\u00bb layout_style=\u00bbstyle2&#8243; color_scheme=\u00bbcolor-light\u00bb][\/vc_column_inner][\/vc_row_inner][\/vc_column][\/vc_row][vc_row css=\u00bb.vc_custom_1464420341446{background-color: #eeeeee !important;}\u00bb][vc_column][vc_row_inner layout=\u00bbcontainer\u00bb el_class=\u00bbmg-top-70 mg-bottom-70&#8243;][vc_column_inner][g5plus_heading title=\u00bbINFORMACI\u00d3N\u00bb][\/vc_column_inner][\/vc_row_inner][vc_row_inner layout=\u00bbcontainer\u00bb el_class=\u00bbmg-top-70 mg-bottom-70&#8243; css=\u00bb.vc_custom_1642090563376{margin-top: -40px !important;}\u00bb][vc_column_inner][g5plus_posts source=\u00bbrecent\u00bb number=\u00bb10&#8243; columns=\u00bb3&#8243; autoplaytimeout=\u00bb5000&#8243;][\/vc_column_inner][\/vc_row_inner][\/vc_column][\/vc_row][vc_row layout=\u00bbcontainer-fluid\u00bb overlay_mode=\u00bbcolor\u00bb css=\u00bb.vc_custom_1642010560597{padding-top: 50px !important;padding-right: 50px !important;padding-bottom: 50px !important;padding-left: 50px !important;background-color: #f4f4f4 !important;background-position: center !important;background-repeat: no-repeat !important;background-size: cover !important;}\u00bb el_class=\u00bbmg-bottom-70&#8243;][vc_column css=\u00bb.vc_custom_1640823778336{margin-bottom: -20px !important;}\u00bb][g5plus_heading title=\u00bbTIPOS DE VIDRIOS\u00bb has_underline=\u00bb\u00bb css=\u00bb.vc_custom_1642010092230{padding-top: 30px !important;padding-bottom: 30px !important;}\u00bb][g5plus_our_team_ctn layout_style=\u00bbstyle2&#8243; columns=\u00bb3&#8243; autoplaytimeout=\u00bb5000&#8243;][g5plus_our_team_item avatar=\u00bb1594&#8243; social_icons=\u00bb%5B%7B%22icon_type%22%3A%22icon%22%2C%22icon_font%22%3A%22flaticon-34%22%7D%5D\u00bb author=\u00bbVIDRIO CRUDO\u00bb author_job=\u00bbSe rompe f\u00e1cilmente, produciendo unos residuos largos y afilados, pudiendo ocasionar, accidentes graves.\u00bb][g5plus_our_team_item avatar=\u00bb1599&#8243; social_icons=\u00bb%5B%7B%22icon_type%22%3A%22icon%22%2C%22icon_font%22%3A%22flaticon-34%22%7D%5D\u00bb author=\u00bbVIDRIO TEMPLADO\u00bb author_job=\u00bbSe rompe completamente bajo niveles de alto impacto, produciendo esquirlas llamadas grana. Este vidrio reduce los indices de accidentalidad.\u00bb][g5plus_our_team_item avatar=\u00bb1603&#8243; social_icons=\u00bb%5B%7B%22icon_type%22%3A%22icon%22%2C%22icon_font%22%3A%22flaticon-34%22%7D%5D\u00bb author=\u00bbVIDRIO LAMINADO\u00bb author_job=\u00bbPuede romperse bajo fuertes presiones o impactos, a diferencia del templado, la grana que produce tiende a quedar adherida a la pel\u00edcula de polivinil.\u00bb][\/g5plus_our_team_ctn][\/vc_column][\/vc_row][vc_row layout=\u00bbcontainer-fluid\u00bb equal_height=\u00bbyes\u00bb content_placement=\u00bbmiddle\u00bb overlay_mode=\u00bbcolor\u00bb overlay_color=\u00bb#002843&#8243; css=\u00bb.vc_custom_1639430865792{padding-top: 30px !important;padding-bottom: 30px !important;background-color: #eeeeee !important;}\u00bb][vc_column width=\u00bb2\/3&#8243;][g5plus_heading title=\u00bbRealiza tus pagos virtuales\u00bb has_underline=\u00bb\u00bb color_schema=\u00bblight\u00bb css=\u00bb.vc_custom_1643065757661{padding-top: 5px !important;padding-right: 10px !important;padding-bottom: 5px !important;padding-left: 10px !important;}\u00bb][\/vc_column][vc_column width=\u00bb1\/3&#8243;][vc_single_image image=\u00bb1935&#8243; onclick=\u00bbcustom_link\u00bb link=\u00bb#\u00bb][\/vc_column][\/vc_row][vc_row layout=\u00bbcontainer\u00bb equal_height=\u00bbyes\u00bb content_placement=\u00bbmiddle\u00bb overlay_mode=\u00bbcolor\u00bb overlay_color=\u00bb#ffffff\u00bb css=\u00bb.vc_custom_1639367015105{padding-top: 10px !important;padding-bottom: 10px !important;background-color: #eeeeee !important;}\u00bb][vc_column][g5plus_heading title=\u00bbNUESTROS PROVEEDORES\u00bb css=\u00bb.vc_custom_1642461329016{padding-top: 30px !important;padding-bottom: 10px !important;}\u00bb][g5plus_partner items=\u00bb4&#8243; item_height=\u00bb150&#8243; partners=\u00bb%5B%7B%22images%22%3A%221320%22%7D%2C%7B%22images%22%3A%221321%22%7D%2C%7B%22images%22%3A%221322%22%7D%2C%7B%22images%22%3A%221323%22%7D%5D\u00bb][\/vc_column][\/vc_row]<\/p>\n<div class='campos'>","protected":false},"excerpt":{"rendered":"<p>[vc_row][vc_column][rev_slider_vc alias=\u00bbindusvit-ltda-1&#8243;][\/vc_column][\/vc_row][vc_row layout=\u00bbcontainer-fluid\u00bb equal_height=\u00bbyes\u00bb content_placement=\u00bbmiddle\u00bb overlay_mode=\u00bbcolor\u00bb overlay_color=\u00bb#002843&#8243; css=\u00bb.vc_custom_1639430865792{padding-top: 30px !important;padding-bottom: 30px !important;background-color: #eeeeee !important;}\u00bb][vc_column][g5plus_heading title=\u00bbViviendo La Transparencia Desde 1985&#8243; has_underline=\u00bb\u00bb color_schema=\u00bblight\u00bb css=\u00bb.vc_custom_1642628366225{padding-top: 5px !important;padding-right: 10px !important;padding-bottom: 5px !important;padding-left: 10px !important;}\u00bb][\/vc_column][\/vc_row][vc_row css=\u00bb.vc_custom_1464420126729{padding-top: 70px !important;padding-bottom: 70px !important;background-color: #eeeeee !important;background-position: center !important;background-repeat: no-repeat !important;background-size: cover !important;}\u00bb el_class=\u00bbmg-bottom-70&#8243;][vc_column][g5plus_heading title=\u00bbPRODUCTOS\u00bb][vc_row_inner layout=\u00bbcontainer\u00bb][vc_column_inner el_class=\u00bbsm-mg-bottom-30&#8243; width=\u00bb1\/3&#8243;][g5plus_feature_box title=\u00bbVIDRIO TEMPLADO\u00bb description=\u00bbSeguridad y dise\u00f1o en cada [&hellip;]<\/p>\n","protected":false},"author":1,"featured_media":0,"parent":0,"menu_order":0,"comment_status":"closed","ping_status":"closed","template":"","meta":{"cybocfi_hide_featured_image":"","footnotes":""},"class_list":["post-671","page","type-page","status-publish","hentry"],"_links":{"self":[{"href":"https:\/\/indusvit.com\/fabrica-vidrios-templados-colombia\/wp-json\/wp\/v2\/pages\/671","targetHints":{"allow":["GET"]}}],"collection":[{"href":"https:\/\/indusvit.com\/fabrica-vidrios-templados-colombia\/wp-json\/wp\/v2\/pages"}],"about":[{"href":"https:\/\/indusvit.com\/fabrica-vidrios-templados-colombia\/wp-json\/wp\/v2\/types\/page"}],"author":[{"embeddable":true,"href":"https:\/\/indusvit.com\/fabrica-vidrios-templados-colombia\/wp-json\/wp\/v2\/users\/1"}],"replies":[{"embeddable":true,"href":"https:\/\/indusvit.com\/fabrica-vidrios-templados-colombia\/wp-json\/wp\/v2\/comments?post=671"}],"version-history":[{"count":224,"href":"https:\/\/indusvit.com\/fabrica-vidrios-templados-colombia\/wp-json\/wp\/v2\/pages\/671\/revisions"}],"predecessor-version":[{"id":1282,"href":"https:\/\/indusvit.com\/fabrica-vidrios-templados-colombia\/wp-json\/wp\/v2\/pages\/671\/revisions\/1282"}],"wp:attachment":[{"href":"https:\/\/indusvit.com\/fabrica-vidrios-templados-colombia\/wp-json\/wp\/v2\/media?parent=671"}],"curies":[{"name":"wp","href":"https:\/\/api.w.org\/{rel}","templated":true}]}}